{"id":1658,"date":"2022-01-18T12:50:47","date_gmt":"2022-01-18T12:50:47","guid":{"rendered":"https:\/\/biblioteca.xativa.es\/resposta-a-les-preguntes-mes-frequents\/"},"modified":"2025-11-12T16:28:54","modified_gmt":"2025-11-12T16:28:54","slug":"respuesta-a-las-preguntas-mas-frequentes","status":"publish","type":"page","link":"https:\/\/biblioteca.xativa.es\/es\/la-biblioteca\/respuesta-a-las-preguntas-mas-frequentes\/","title":{"rendered":"Preguntas frecuentes"},"content":{"rendered":"\n\n\n<h2>\n\t\t\tGeneralidades\t<\/h2>\n\t<p>La Biblioteca Municipal de X\u00e0tiva fue creada en 1948. Por el contenido de sus fondos es una biblioteca de car\u00e1cter general y est\u00e1 abierta a toda la ciudadan\u00eda. Se divide en dos secciones: Secci\u00f3n Infantil-Juvenil y Secci\u00f3n de personas Adultas. La primera est\u00e1 formada por obras de materias, agrupadas tem\u00e1ticamente, y obras de imaginaci\u00f3n, agrupadas en cinco niveles de lectura. La Secci\u00f3n de personas Adultas est\u00e1 formada por obras de referencia, fondo general, fondo valenciano, monograf\u00edas de pr\u00e9stamo, hemeroteca, videoteca, fonoteca, secci\u00f3n local y fondo antiguo. Como elementos diferenciadores de esta biblioteca cabe destacar la Secci\u00f3n Local y el Fondo Antiguo. La primera est\u00e1 formada por obras de tema o autor\/a local (monograf\u00edas, folletos, publicaciones peri\u00f3dicas, carteles y material audiovisual); el Fondo Antiguo est\u00e1 constituido por 2000 t\u00edtulos impresos entre el siglo XVII y el primer tercio del siglo XX.<\/p>\n<h3>\n\t\t\tPreguntas frecuentes\t<\/h3>\n\t\t\t\t\t\t\t\t\t\t<h4 tabindex=\"0\">De cu\u00e1ntos libros dispone la Biblioteca?<\/h4>\n\t\t\t\t\t<p>En la actualidad la Biblioteca dispone de 65.000 documentos: 50.000 libros, 6000 DVD y 3000 CD y 6000 documentos diversos (folletos, carteles, etc.)<\/p>\n\t\t\t\t\t\t\t\t\t\t<h4 tabindex=\"0\">Estoy interesado en un libro. \u00bfC\u00f3mo puedo saber si la Biblioteca Municipal lo tiene?<\/h4>\n\t\t\t\t\t<p>Puedes saber si la Biblioteca tiene un libro preguntando al personal que trabaja en ella o consultando sus cat\u00e1logos en esta p\u00e1gina web, desde donde puedes conocer incluso si est\u00e1 disponible o prestado.<\/p>\n\t\t\t\t\t\t\t\t\t\t<h4 tabindex=\"0\">\u00bfQu\u00e9 son los cat\u00e1logos de la Biblioteca?<\/h4>\n\t\t\t\t\t<p>Los cat\u00e1logos de la Biblioteca son una gran base de datos que se ordena seg\u00fan las Normas ISBD y la CDU, mediante los cuales se pueden realizar b\u00fasquedas de obras, por autor, t\u00edtulo, materia, etc. En la actualidad todos los fondos modernos de la Biblioteca est\u00e1n informatizados (base de datos en formato MARC, acr\u00f3nimo de MAchine-Readable Cataloging), que permite la b\u00fasqueda de las obras por cualquier campo (autor, t\u00edtulo, materia, colecci\u00f3n , a\u00f1o de publicaci\u00f3n, editor, tama\u00f1o, n\u00famero de p\u00e1ginas, etc.).<\/p>\n\t\t\t\t\t\t\t\t\t\t<h4 tabindex=\"0\">\u00bfQu\u00e9 son las Normas de Catalogaci\u00f3n ISBD y la CDU?<\/h4>\n\t\t\t\t\t<p>Las ISBD (International Standard Book Description) son unas reglas de informaci\u00f3n siguiendo un modelo universal que permite uniformar los datos de forma que son perfectamente diferenciables con independencia de la lengua que se utilice para redactar el registro bibliogr\u00e1fico. El proceso de b\u00fasqueda de la informaci\u00f3n obliga a uniformar tambi\u00e9n los puntos de acceso a ella, como los nombres de persona y las materias. La CDU (Clasificaci\u00f3n Decimal Universal) realiza una clasificaci\u00f3n de materias utilizando un lenguaje internacional: los n\u00fameros (del 0 al 9). Puedes ver una tabla con el esquema b\u00e1sico de la CDU haciendo clic en ese enlace. Tambi\u00e9n puedes visitar esta web.<\/p>\n\t\t\t\t\t\t\t\t\t\t<h4 tabindex=\"0\">\u00bfCu\u00e1l es la direcci\u00f3n de la Biblioteca?<\/h4>\n\t\t\t\t\t<p>La direcci\u00f3n de la Biblioteca es Alameda Jaume I, 56 &#8211; 46800 &#8211; X\u00c0TIVA (Valencia) &#8211; Tel\u00e9fono, 962287328<\/p>\n\t\t\t\t\t\t\t\t\t\t<h4 tabindex=\"0\">\u00bfCu\u00e1l es el horario de la Biblioteca?<\/h4>\n\t\t\t\t\t<p>El horario de la Biblioteca es el siguiente:<\/p>\n<p><strong>Horario de invierno<\/strong><\/p>\n<p><em>SALA DE ADULTOS<\/em><\/p>\n<p>De lunes a viernes: 09.00 a 14.00 \/ 16.30 a 20.00 h<br \/>S\u00e1bados: 10.30 a 13.00 h<\/p>\n<p><em>SALA INFANTIL<\/em><br \/>De lunes a viernes: 17.00 a 20.00 h<\/p>\n<p><strong>Horario de verano<\/strong>\u00a0(del 1 de julio al 15 de septiembre):<\/p>\n<p><em> SALA DE ADULTOS<\/em><br \/>De lunes a viernes: 09.00 a 14.00 h<br \/>S\u00e1bados: 10.30 a 13.00 h<\/p>\n<p><em>SALA INFANTIL<\/em><br \/>De lunes a viernes: 10.00 a 14.00 h<\/p>\n\t\t\t\t\t\t\t\t\t\t<h4 tabindex=\"0\">\u00bfQu\u00e9 servicios ofrece la Biblioteca?<\/h4>\n\t\t\t\t\t<p>Els serveis que ofereix la Biblioteca s\u00f3n:<\/p>\n<ul>\n<li>\nLos servicios que ofrece la Biblioteca son:<\/li>\n<li>Consulta de obras<\/li>\n<li>Pr\u00e9stamos de documentos (libros, revistas, DVD, CD)<\/li>\n<li>Informaci\u00f3n bibliogr\u00e1fica<\/li>\n<li>Ordenadores con conexi\u00f3n a internet para el uso del p\u00fablico y Wi-Fi para usuarios<\/li>\n<li>Animaci\u00f3n lectora<\/li>\n<li>Visitas escolares< \/li>\n<\/li><li>Pr\u00e9stamo a domicilio para personas mayores con movilidad reducida o con discapacidades<\/li>\n<\/ul>\n\t\t\t\t\t\t\t\t\t\t<h4 tabindex=\"0\">\u00bfEs necesario tener carn\u00e9 de la Biblioteca para consultar libros en Sala?<\/h4>\n\t\t\t\t\t<p>Para consultar libros en sala no es necesario tener el carn\u00e9 de la Biblioteca; s\u00f3lo es necesario para el pr\u00e9stamo de documentos.<\/p>\n\t\t\t\t\t\t\t\t\t\t<h4 tabindex=\"0\">Quiero hacerme el carn\u00e9 de la Biblioteca. \u00bfQu\u00e9 debo llevar?<\/h4>\n\t\t\t\t\t<p>Para hacerse el carn\u00e9 de la Biblioteca es necesario llevar 1 foto tama\u00f1o carn\u00e9 y el DNI.<\/p>\n\t\t\t\t\t\t\t\t\t\t<h4 tabindex=\"0\">\u00bfDispone la Biblioteca de acceso a Internet para el uso del p\u00fablico?<\/h4>\n\t\t\t\t\tS\u00ed. La Biblioteca dispone de 6 ordenadores (2 en la sala infantil y 4 en la sala de adultos) con acceso a Internet y suite ofim\u00e1tica, conectados a una impresora. Adem\u00e1s de dos OPAC&#8217;S para la consulta del cat\u00e1logo bibliogr\u00e1fico.<br \/>\nPincha en este enlace para conocer las <a title=\"Normes utilitzaci\u00f3 de Internet\" href=\"https:\/\/biblioteca.xativa.es\/es\/uso-de-la-biblioteca\/\" name=\"Normes utilitzaci\u00f3 de Internet\">Normas de utilizaci\u00f3n de Internet<\/a>.\n\t\t\t\t\t\t\t\t\t\t<h4 tabindex=\"0\">\u00bfCu\u00e1ntos libros puedo llevarme en pr\u00e9stamo y durante cu\u00e1ntos d\u00edas?<\/h4>\n\t\t\t\t\t<p>Podemos prestarle con carnet de adulto hasta 3 libros durante 15 d\u00edas, renovables por quince d\u00edas m\u00e1s mientras est\u00e9 dentro del plazo de la devoluci\u00f3n, adem\u00e1s 2 DVD-V\u00eddeo, 2 revistas y 2 CD\u00b4s durante una semana, material \u00e9ste no renovable. Con el carn\u00e9 infantil-juvenil el pr\u00e9stamo es de 2 libros en las mismas condiciones de pr\u00e9stamo y renovaci\u00f3n.<\/p>\n\n","protected":false},"excerpt":{"rendered":"<p>Generalidades La Biblioteca Municipal de X\u00e0tiva fue creada en 1948. Por el contenido de sus fondos es una biblioteca de car\u00e1cter general y est\u00e1 abierta a toda la ciudadan\u00eda. Se divide en dos secciones: Secci\u00f3n Infantil-Juvenil y Secci\u00f3n de personas Adultas. La primera est\u00e1 formada por obras de materias, agrupadas tem\u00e1ticamente, y obras de imaginaci\u00f3n, [&hellip;]<\/p>\n","protected":false},"author":1,"featured_media":0,"parent":15231,"menu_order":21,"comment_status":"closed","ping_status":"open","template":"","meta":{"site-sidebar-layout":"default","site-content-layout":"","ast-site-content-layout":"default","site-content-style":"default","site-sidebar-style":"default","ast-global-header-display":"","ast-banner-title-visibility":"","ast-main-header-display":"","ast-hfb-above-header-display":"","ast-hfb-below-header-display":"","ast-hfb-mobile-header-display":"","site-post-title":"disabled","ast-breadcrumbs-content":"","ast-featured-img":"disabled","footer-sml-layout":"","ast-disable-related-posts":"","theme-transparent-header-meta":"","adv-header-id-meta":"","stick-header-meta":"","header-above-stick-meta":"","header-main-stick-meta":"","header-below-stick-meta":"","astra-migrate-meta-layouts":"set","ast-page-background-enabled":"default","ast-page-background-meta":{"desktop":{"background-color":"var(--ast-global-color-4)","background-image":"","background-repeat":"repeat","background-position":"center center","background-size":"auto","background-attachment":"scroll","background-type":"","background-media":"","overlay-type":"","overlay-color":"","overlay-opacity":"","overlay-gradient":""},"tablet":{"background-color":"","background-image":"","background-repeat":"repeat","background-position":"center center","background-size":"auto","background-attachment":"scroll","background-type":"","background-media":"","overlay-type":"","overlay-color":"","overlay-opacity":"","overlay-gradient":""},"mobile":{"background-color":"","background-image":"","background-repeat":"repeat","background-position":"center center","background-size":"auto","background-attachment":"scroll","background-type":"","background-media":"","overlay-type":"","overlay-color":"","overlay-opacity":"","overlay-gradient":""}},"ast-content-background-meta":{"desktop":{"background-color":"var(--ast-global-color-5)","background-image":"","background-repeat":"repeat","background-position":"center center","background-size":"auto","background-attachment":"scroll","background-type":"","background-media":"","overlay-type":"","overlay-color":"","overlay-opacity":"","overlay-gradient":""},"tablet":{"background-color":"var(--ast-global-color-5)","background-image":"","background-repeat":"repeat","background-position":"center center","background-size":"auto","background-attachment":"scroll","background-type":"","background-media":"","overlay-type":"","overlay-color":"","overlay-opacity":"","overlay-gradient":""},"mobile":{"background-color":"var(--ast-global-color-5)","background-image":"","background-repeat":"repeat","background-position":"center center","background-size":"auto","background-attachment":"scroll","background-type":"","background-media":"","overlay-type":"","overlay-color":"","overlay-opacity":"","overlay-gradient":""}},"footnotes":""},"class_list":["post-1658","page","type-page","status-publish","hentry"],"_links":{"self":[{"href":"https:\/\/biblioteca.xativa.es\/es\/wp-json\/wp\/v2\/pages\/1658"}],"collection":[{"href":"https:\/\/biblioteca.xativa.es\/es\/wp-json\/wp\/v2\/pages"}],"about":[{"href":"https:\/\/biblioteca.xativa.es\/es\/wp-json\/wp\/v2\/types\/page"}],"author":[{"embeddable":true,"href":"https:\/\/biblioteca.xativa.es\/es\/wp-json\/wp\/v2\/users\/1"}],"replies":[{"embeddable":true,"href":"https:\/\/biblioteca.xativa.es\/es\/wp-json\/wp\/v2\/comments?post=1658"}],"version-history":[{"count":2,"href":"https:\/\/biblioteca.xativa.es\/es\/wp-json\/wp\/v2\/pages\/1658\/revisions"}],"predecessor-version":[{"id":23364,"href":"https:\/\/biblioteca.xativa.es\/es\/wp-json\/wp\/v2\/pages\/1658\/revisions\/23364"}],"up":[{"embeddable":true,"href":"https:\/\/biblioteca.xativa.es\/es\/wp-json\/wp\/v2\/pages\/15231"}],"wp:attachment":[{"href":"https:\/\/biblioteca.xativa.es\/es\/wp-json\/wp\/v2\/media?parent=1658"}],"curies":[{"name":"wp","href":"https:\/\/api.w.org\/{rel}","templated":true}]}}