{"id":15541,"date":"2022-01-20T19:49:08","date_gmt":"2022-01-20T19:49:08","guid":{"rendered":"https:\/\/desarrollo1.mibbo.es\/la-biblioteca\/us-de-la-biblioteca\/"},"modified":"2022-06-08T12:06:32","modified_gmt":"2022-06-08T12:06:32","slug":"uso-de-la-biblioteca","status":"publish","type":"page","link":"https:\/\/biblioteca.xativa.es\/es\/la-biblioteca\/uso-de-la-biblioteca\/","title":{"rendered":"Uso de la Biblioteca"},"content":{"rendered":"\n<h3>\n\t\tLa biblioteca\n\t<\/h3>\n<h1>\n\t\tNormes d\u00b4\u00fas\n\t<\/h1>\n\t\t\t<a href=\"#us-biblioteca\" target=\"_self\" role=\"button\" rel=\"noopener\">\n\t\t\t\t\t\t\u00das de la Biblioteca\n\t\t\t\t\t<\/a>\n\t\t\t<a href=\"#us-ordinadors\" target=\"_self\" role=\"button\" rel=\"noopener\">\n\t\t\t\t\t\t\u00das dels ordinadors\n\t\t\t\t\t<\/a>\n<h2>\n\t\tNormes d&#8217;\u00fas<br \/>de la Biblioteca\n\t<\/h2>\n\t\t\t\t<img loading=\"lazy\" decoding=\"async\" src=\"https:\/\/biblioteca.xativa.es\/wp-content\/uploads\/2022\/03\/us-biblioteca-min.jpg\" alt=\"us-biblioteca-min\" itemprop=\"image\" height=\"1280\" width=\"1920\" title=\"us-biblioteca-min\" onerror=\"this.style.display='none'\"  \/>\n\t\t\t\t\t\t\t\t\t\t<h4 tabindex=\"0\">Cap\u00edtol I &#8211; Disposicions generals<\/h4>\n\t\t\t\t\t<p><strong><em>Article1<\/em><\/strong><br \/>L\u00b4objecte d\u00b4aquestes Normes d\u00b4\u00das \u00e9s el d\u00b4establir les normes fonamentals necess\u00e0ries que han de regir l\u00b4ordre intern de la Biblioteca Municipal de X\u00e0tiva, i tamb\u00e9 garantir uns serveis que faciliten l\u00b4organitzaci\u00f3 i el funcionament a partir del dret dels ciutadans a l\u00b4acc\u00e9s a la informaci\u00f3.<\/p>\n<p><strong><em>Article 2<\/em><\/strong><br \/>La missi\u00f3 de la Biblioteca Municipal de X\u00e0tiva \u00e9s facilitar a tots els ciutadans sense excepci\u00f3, l\u00b4acc\u00e9s lliure al coneixement, al pensament, a la cultura i a la informaci\u00f3.<\/p>\n\t\t\t\t\t\t\t\t\t\t<h4 tabindex=\"0\">Cap\u00edtol II &#8211; Acc\u00e9s<\/h4>\n\t\t\t\t\t<p><strong><em>Article 3<\/em><\/strong><\/p>\n<ol>\n<li>L\u00b4acc\u00e9s a la Biblioteca ser\u00e0 lliure i gratu\u00eft per a tothom.<\/li>\n<li>Quan siga estrictament necessari, la direcci\u00f3 de la Biblioteca podr\u00e0 proposar als \u00f2rgans competents de l&#8217;Ajuntament limitacions a aquest principi.<\/li>\n<li>Els menors de set anys nom\u00e9s podran accedir-hi acompanyats d\u00b4un adult que se\u00b4n responsabilitze. La Biblioteca no es far\u00e0 responsable del control i eixida dels menors d\u00b4edat.<\/li>\n<li>Els menors de catorze anys no podran fer \u00fas de l\u00b4ascensor si no van acompanyats d\u00b4un adult.<\/li>\n<\/ol>\n\t\t\t\t\t\t\t\t\t\t<h4 tabindex=\"0\">Cap\u00edtol III &#8211; Drets dels usuaris<\/h4>\n\t\t\t\t\t<p><strong><em>Article 4<\/em><\/strong><br \/>Dret a rebre suport:<br \/>Els usuaris poden demanar ajut al personal de la Biblioteca, que els prestar\u00e0, sempre que siga possible, el suport necessari per facilitar-los l\u00b4\u00fas dels serveis i els iniciar\u00e0 en les t\u00e8cniques de recerca dels fons.<\/p>\n<p><strong><em>Article 5<br \/><\/em><\/strong>Dret d\u00b4opini\u00f3:<br \/>La Biblioteca disposar\u00e0 d\u00b4una b\u00fastia de suggeriments, tant a les seues instal\u00b7lacions com a la seua web, per facilitar l\u00b4expressi\u00f3 an\u00f2nima tant de propostes com de queixes, per tal de millorar el servei i atendre les necessitats dels usuaris.<\/p>\n<p><strong><em>Article 6<\/em><\/strong><br \/>Dret de participaci\u00f3:<\/p>\n<ol>\n<li>La Biblioteca tamb\u00e9 tindr\u00e0 present les opinions de les entitats i associacions de la ciutat, per a l&#8217;adquisici\u00f3 de llibres i material propi d&#8217;aquesta Biblioteca, suggerida a trav\u00e9s dels seus representants.<\/li>\n<li>En l\u00b4ampliaci\u00f3 i renovaci\u00f3 del fons bibliogr\u00e0fic i \u00e0udio-visual, i en l\u00b4aplicaci\u00f3 de la pol\u00edtica d\u00b4adquisicions, es tindran en compte les desiderates expressades pels usuaris.<\/li>\n<\/ol>\n<p><strong><em>Article 7<\/em><\/strong><br \/>Dret d\u00b4informaci\u00f3:<\/p>\n<ol>\n<li>Els usuaris de la Biblioteca tindran dret a sol\u00b7licitar informaci\u00f3 sobre el fons de qu\u00e8 disposa la Biblioteca, el seu funcionament i la normativa.<\/li>\n<li>La present normativa restar\u00e0 a disposici\u00f3 de tots els usuaris perqu\u00e8 la puguen consultar. Aix\u00ed mateix, s\u00b4exposar\u00e0 l\u00b4horari d\u00b4atenci\u00f3 al p\u00fablic.<\/li>\n<\/ol>\n\t\t\t\t\t\t\t\t\t\t<h4 tabindex=\"0\">Cap\u00edtol IV &#8211; Deures dels usuaris<\/h4>\n\t\t\t\t\t<p><strong><em>Article 8<\/em><\/strong><br \/>Per tal de gaudir de la Biblioteca en les millors condicions:<\/p>\n<ol>\n<li>Es respectaran els altres usuaris, el fons i els b\u00e9ns de la Biblioteca.<\/li>\n<li>Els usuaris dipositaran els seus objectes personals en els llocs habilitats a aquest efecte, quedant prohibida l\u00b4entrada de motxilles, bosses, maletes, etc. La Biblioteca declina tota responsabilitat sobre els b\u00e9ns personals dels usuaris. Els usuaris advertiran al personal de la Biblioteca dels llibres que entren a les sales.<\/li>\n<li>En acabar la consulta d\u00b4un document es deixar\u00e0 sobre les taules de lectura, excepte els facilitats pel personal de la Biblioteca, als quals deuran ser tornats.<\/li>\n<li>Es mantindr\u00e0 una actitud correcta i es romandr\u00e0 en silenci.<\/li>\n<li>Els usuaris s\u00b4hauran d\u00b4abstenir de:<br \/>&#8211; menjar, beure o fumar<br \/>&#8211; escriure o fer senyals en cap document<br \/>&#8211; reservar llocs de lectura<br \/>&#8211; maltractar qualsevol dels b\u00e9ns mobles i immobles que integren el conjunt de la Biblioteca<br \/>&#8211; canviar de lloc el mobiliari i els equipaments de la Biblioteca<br \/>&#8211; realitzar activitats que puguen molestar els altres usuaris o destorbar el funcionament normal de la Biblioteca<br \/>&#8211; connectar els tel\u00e8fons m\u00f2bils sense mode silenciat, i contestar les trucades dins les instal\u00b7lacions<\/li>\n<li>Complir la normativa de la Biblioteca i dels seus serveis.<\/li>\n<\/ol>\n\t\t\t\t\t\t\t\t\t\t<h4 tabindex=\"0\">Cap\u00edtol V &#8211; Servei de consulta i pr\u00e9stec del fons de la Biblioteca<\/h4>\n\t\t\t\t\t<p><strong><em>Article 9<\/em><\/strong><\/p>\n<ol>\n<li>Tots els materials que integren el fons de la Biblioteca podran ser consultats, excepte aquelles obres de fons antic o local que pel seu estat f\u00edsic o valor requerisquen ser preservades, quedant a criteri del personal t\u00e8cnic de la Biblioteca el seu \u00fas.<\/li>\n<li>Tots els materials que integren el fons de la Biblioteca podran ser objecte de pr\u00e9stec a excepci\u00f3 de les obres de refer\u00e8ncia, Secci\u00f3 Local, Fons Antic, documents exhaurits o dif\u00edcilment reempla\u00e7ables o que tinguen car\u00e0cter d\u00b4\u00fanics, i aquelles que per les seues caracter\u00edstiques es desaconselle el seu pr\u00e9stec, els diaris i els \u00faltims n\u00fameros de les revistes.<\/li>\n<li>En la utilitzaci\u00f3 dels llocs de lectura es prioritzaran les consultes del fons de la Biblioteca sobre l\u00b4estudi, treball o lectura amb material dels particulars.<\/li>\n<li>El servei de pr\u00e9stec ser\u00e0 gratu\u00eft i obert a tots els ciutadans.<\/li>\n<li>\u00a0La Biblioteca es reserva el dret de restringir temporalment o definitivament el servei de pr\u00e9stec a aquells usuaris que incomplisquen la normativa aprovada per la Xarxa de Lectura P\u00fablica Valenciana.<\/li>\n<li>El servei de pr\u00e9stec acabar\u00e0 deu minuts abans del tancament de la Biblioteca.<\/li>\n<li>El servei de pr\u00e9stec permetr\u00e0 emportar-se, alhora, fins a un m\u00e0xim de 3 llibres, 2 revistes, 2 DVD\u00b4s i 2 CD\u00b4s .<\/li>\n<li>Els usuaris amb carnet infantil-juvenil sols podran fer \u00fas dels materials i de les instal\u00b7lacions de la seua Secci\u00f3.<\/li>\n<li>El termini de pr\u00e9stec ser\u00e0 el determinat per la Xarxa de Lectura P\u00fablica Valenciana.<\/li>\n<li>Solament el pr\u00e9stec dels llibres podr\u00e0 ser renovat de forma immediata d\u00b4acord amb l\u00b4establert en les normes de la Xarxa de Lectura P\u00fablica Valenciana.<\/li>\n<li>Per gaudir del servei de pr\u00e9stec s\u00b4haur\u00e0 d\u00b4estar en possessi\u00f3 del carnet de pr\u00e9stec, amb car\u00e0cter personal i intransferible, que ser\u00e0 imprescindible presentar per retirar qualsevol document.<\/li>\n<li>El carnet es sol\u00b7licitar\u00e0 personalment a la Biblioteca i s\u00b4obtindr\u00e0 gratu\u00eftament despr\u00e9s de facilitar les dades personals: nom, adre\u00e7a, tel\u00e8fon i n\u00famero de DNI o passaport i fotografia. Els carnets infantils-juvenils (menors de 14 anys) requeriran de l\u00b4autoritzaci\u00f3 dels pares o tutors.<\/li>\n<li>L\u00b4usuari comunicar\u00e0 qualsevol canvi en les dades facilitades.<\/li>\n<li>El carnet de pr\u00e9stec podr\u00e0 ser utilitzat a les biblioteques de la Xarxa de Lectura P\u00fablica Valenciana que tinguen automatitzat el servei de pr\u00e9stec.<\/li>\n<li>El titular del carnet de pr\u00e9stec ser\u00e0 l\u00b4\u00fanic responsable dels documents retirats en pr\u00e9stec i, per tant, vetllar\u00e0 per la seua integritat i bona conservaci\u00f3 i advertir\u00e0 al personal de la Biblioteca de qualsevol desperfecte que hi observe.<\/li>\n<li>L\u00b4usuari que retorne un document malm\u00e8s o no el retorne, estar\u00e0 obligat a restituir-lo per un exemplar de la mateixa edici\u00f3, o, en cas de estar exhaurit, per un altre de les mateixes caracter\u00edstiques.<\/li>\n<li>En cas que no es restituisca el document, l\u00b4usuari no podr\u00e0 fer \u00fas del servei de pr\u00e9stec.<\/li>\n<li>Els duplicats del carnet de pr\u00e9stec, tret que se\u00b4n justifique documentalment la sostracci\u00f3 o p\u00e8rdua, estaran subjectes a pagament dels preus p\u00fablics vigents d&#8217;acord amb l&#8217;ordenan\u00e7a fiscal pertinent.<\/li>\n<li>El retard en la devoluci\u00f3 dels documents prestats ser\u00e0 motiu de la sanci\u00f3 que marque la normativa de pr\u00e9stec de la Xarxa de Lectura P\u00fablica Valenciana.<\/li>\n<\/ol>\n\t\t\t\t\t\t\t\t\t\t<h4 tabindex=\"0\">Cap\u00edtol VI &#8211; Servei de pr\u00e9stec interbibliotecari<\/h4>\n\t\t\t\t\t<p><strong><em>Article 10<\/em><\/strong><br \/>A trav\u00e9s del servei de pr\u00e9stec interbibliotecari es podr\u00e0 prestar el fons propi de la Biblioteca i de les altres biblioteques que integren la Xarxa de Lectura P\u00fablica Valenciana:<\/p>\n<ol>\n<li>Es podr\u00e0 restringir aquest servei en aquells casos que siga possible solucionar el requeriment amb el propi fons.<\/li>\n<li>Seran susceptibles de ser demanats o deixats en pr\u00e9stec interbibliotecari els documents que en ser rars o exhaurits no es puguen obtenir f\u00e0cilment.<\/li>\n<li>Estaran expressament exclosos d\u00b4aquest servei els documents considerats com a novetats, els manuals, document d&#8217;\u00fas freq\u00fcent i, en general, els f\u00e0cilment obtenibles per altres mitjans.<\/li>\n<li>La Biblioteca, en \u00faltima inst\u00e0ncia, es reserva el dret de denegar un pr\u00e9stec interbibliotecari per motius t\u00e8cnics o d\u00b4oportunitat.<\/li>\n<li>Les normes relatives al servei de pr\u00e9stec tamb\u00e9 seran d\u00b4aplicaci\u00f3 al servei interbibliotecari.<\/li>\n<\/ol>\n\t\t\t\t\t\t\t\t\t\t<h4 tabindex=\"0\">Cap\u00edtol VII &#8211; Servei d&#8217;internet<\/h4>\n\t\t\t\t\t<p><strong><em>Article11<\/em><\/strong><\/p>\n<ol>\n<li>El servei d\u00b4Internet ser\u00e0 de lliure acc\u00e9s a tothom i gratu\u00eft.<\/li>\n<li>L\u00b4objectiu del servei ser\u00e0 garantir la possibilitat d\u00b4acc\u00e9s a Internet a tota la poblaci\u00f3 i potenciar-ne la utilitzaci\u00f3 i el coneixement. Es destina a la recerca de informaci\u00f3, la investigaci\u00f3 i l\u00b4aprenentatge.<\/li>\n<li>L\u00b4horari del servei comen\u00e7ar\u00e0 15 minuts despr\u00e9s de l\u00b4apertura i finalitzar\u00e0 15 abans del tancament de les sales. La Biblioteca podr\u00e0 establir un horari restringit del servei per motius t\u00e8cnics.<\/li>\n<li>Per a poder utilitzar el servei caldr\u00e0 signar un full en el qual s\u00b4afirma con\u00e9ixer les normes d\u00b4utilitzaci\u00f3 i respectar-les, pr\u00e8via presentaci\u00f3 del DNI, passaport o carnet de lector.<\/li>\n<li>La Biblioteca podr\u00e0 restringir el servei amb l\u00b4objectiu de garantir-ne l\u00b4accessibilitat al major nombre possible d\u00b4usuaris.<\/li>\n<li>L\u00b4excessiva demanda del servei provocar\u00e0 que es prioritze l\u00b4\u00fas per a la consulta bibliogr\u00e0fica i l\u00b4\u00fas cultural o d\u00b4inter\u00e8s pedag\u00f2gic, sobre l\u00b4\u00fas estrictament l\u00fadic.<\/li>\n<li>No podran participar-hi dues o m\u00e9s persones simult\u00e0niament.<\/li>\n<li>Es podr\u00e0 limitar o suprimir l\u00b4\u00fas del correu electr\u00f2nic. Es denegar\u00e0 especialment la participaci\u00f3 en xats.<\/li>\n<li>Es podran limitar els usos setmanals per persona.<\/li>\n<li>Nom\u00e9s es podr\u00e0 retirar informaci\u00f3 de la xarxa en suport magn\u00e8tic o impr\u00e8s dins dels l\u00edmits que permeten la legislaci\u00f3 vigent, la propietat, l\u00b4autor i qualsevol altra norma \u00e8tica o exig\u00e8ncia impl\u00edcita o expl\u00edcita establertes en cada cas.<\/li>\n<li>En cap cas es permetr\u00e0 utilitzar material inform\u00e0tic particular per gravar informaci\u00f3 d\u00b4Internet. Per aix\u00f2 caldr\u00e0 adquirir disquets a la Biblioteca cada vegada que es vulga retirar informaci\u00f3. L\u00b4import a fer efectiu, per disquet o full impr\u00e8s, vindr\u00e0 determinat pel preu p\u00fablic corresponent d&#8217;acord amb l&#8217;ordenan\u00e7a fiscal.<\/li>\n<li>El personal de la Biblioteca es reserva el dret de finalitzar les sessions en qualsevol moment.<\/li>\n<li>L\u00b4incompliment de les normes podr\u00e0 ser sancionat amb la suspensi\u00f3 del dret a l\u00b4acc\u00e9s al Servei.<\/li>\n<\/ol>\n\t\t\t\t\t\t\t\t\t\t<h4 tabindex=\"0\">Cap\u00edtol VIII &#8211; Activitats<\/h4>\n\t\t\t\t\t<p><strong><em>Article 12<\/em><\/strong><\/p>\n<ol>\n<li>Les activitats que s\u00b4organitzen a la Biblioteca seran de lliure acc\u00e9s a tots els ciutadans. Per motius de capacitat o en cas d\u00b4estar dirigides a un sector de p\u00fablic determinat es prioritzar\u00e0 i limitar\u00e0 l\u00b4acc\u00e9s a les activitats.<\/li>\n<li>En cas que es preveja que el desenvolupament de les activitats afectar\u00e0 els altres serveis, es comunicar\u00e0 amb la suficient antelaci\u00f3 als usuaris, amb indicaci\u00f3 dels dies i les hores que es produir\u00e0 i la limitaci\u00f3 o suspensi\u00f3 temporal del servei afectat.<\/li>\n<\/ol>\n\t\t\t\t\t\t\t\t\t\t<h4 tabindex=\"0\">Cap\u00edtol IX &#8211; Servei de Visites<\/h4>\n\t\t\t\t\t<p><strong><em>Article 13<\/em><\/strong><\/p>\n<ol>\n<li>El servei de visites guiades a la Biblioteca \u00e9s un recurs inicialment dissenyat per a l\u00b4\u00fas docent i pedag\u00f2gic. Per tant, est\u00e0 adre\u00e7at, en primera inst\u00e0ncia, als centres educatius de la poblaci\u00f3 que ho sol\u00b7liciten.<\/li>\n<li>Tamb\u00e9 podran sol\u00b7licitar i concertar visites guiades altres col\u00b7lectius directament a la Biblioteca.<\/li>\n<li>Les visites guiades les realitzar\u00e0 el personal bibliotecari en el temps i forma que s\u00b4establisca per aquesta finalitat.<\/li>\n<\/ol>\n<p>\u00a0<\/p>\n\t\t\t\t\t\t\t\t\t\t<h4 tabindex=\"0\">Cap\u00edtol X &#8211; Donaci\u00f3 de Fons<\/h4>\n\t\t\t\t\t<p><strong><em>Article 14<\/em><\/strong><\/p>\n<ol>\n<li>El personal t\u00e8cnic de la biblioteca avaluar\u00e0 la conveni\u00e8ncia d\u00b4acceptar els fons que s\u00b4ofereixen com a donaci\u00f3, tenint en compte la vig\u00e8ncia i l\u00b4actualitat de les obres, el seu valor patrimonial i el seu inter\u00e9s local.<\/li>\n<li>L\u00b4acceptaci\u00f3 d\u00b4un fons no pressuposa la seua integraci\u00f3 indefinida. A l\u00b4acabament de la vida \u00fatil d\u00b4un document, la Biblioteca procedir\u00e0 a la seua retirada d\u00b4acord amb el procediment habitual aplicat al fons propi.<\/li>\n<\/ol>\n\t\t\t\t\t\t\t\t\t\t<h4 tabindex=\"0\">Cap\u00edtol XI &#8211; Aplicaci\u00f3, Acceptaci\u00f3 i Interpretaci\u00f3 de la Normativa de la Biblioteca i els seus Serveis<\/h4>\n\t\t\t\t\t<p><strong><em>Article 9<\/em><\/strong><\/p>\n<p>L\u00b4\u00fas de la Biblioteca o alguns dels seus serveis implicar\u00e0 el coneixement i l\u00b4acceptaci\u00f3 d\u00b4aquestes normes.<\/p>\n\t\t\t\t\t\t\t\t\t\t<h4 tabindex=\"0\">Cap\u00edtol XII &#8211; Legislaci\u00f3 Aplicable<\/h4>\n\t\t\t\t\t<p>Reglament de la Xarxa de Lectura P\u00fablica Valenciana.<\/p>\n<p><strong><em>Article 16<\/em><\/strong><\/p>\n<p>En tot all\u00f2 que no estiga previst en les presents Normes d&#8217;\u00das seran d\u00b4aplicaci\u00f3 la legislaci\u00f3 Auton\u00f2mica al respecte, i la b\u00e0sica estatal en aquesta mat\u00e8ria.<\/p>\n<h2>\n\t\tNormes d&#8217;\u00fas<br \/> dels ordinadors\n\t<\/h2>\n\t\t\t\t<img loading=\"lazy\" decoding=\"async\" src=\"https:\/\/biblioteca.xativa.es\/wp-content\/uploads\/2022\/03\/us-ordinadors-min.jpg\" alt=\"us-ordinadors-min\" itemprop=\"image\" height=\"1280\" width=\"1920\" title=\"us-ordinadors-min\" onerror=\"this.style.display='none'\"  \/>\n\t<ul>\n\t\t<li>\t\t\n\t\t1<p>La Biblioteca de X\u00e0tiva proporciona als usuaris acc\u00e9s lliure i gratu\u00eft a Internet.<\/p><\/li><li>\t\t\n\t\t2<p>L&#8217;acc\u00e9s a Internet es destina a la recerca de d&#8217;informaci\u00f3, la investigaci\u00f3 i l&#8217;aprenentatge.<\/p><\/li><li>\t\t\n\t\t3<p>Les consultes tindr\u00e1n una durada de 30 minuts. L&#8217;horari del servei ser\u00e0 de dilluns a divendres de 10.30 a 13.30 h. i de 17 a 19.30 h i dissabtes de 10.30 a 12.30 h.<\/p><\/li><li>\t\t\n\t\t4<p>Es restringir\u00e0 l&#8217;acc\u00e9s a tota l&#8217;informaci\u00f3 que puga ser considerada fora de la legislaci\u00f3 vigent. No hi ha acc\u00e9s a XAT (\u00e0rees de conversa), ja que no \u00e9s propiament un servei d&#8217;informaci\u00f3.<\/p><\/li><li>\t\t\n\t\t5<p>Per a poder utilitzar el servei caldr\u00e0 signar un full en el qual s&#8217;afirma con\u00e9ixer les normes d&#8217;utilitzaci\u00f3 i respectar-les, pr\u00e8via presentaci\u00f3 del DNI o carnet de lector.<\/p><\/li><li>\t\t\n\t\t6<p>Per assegurar-vos de la disponibilitat dels PCs destinats a l&#8217;acc\u00e9s a Internet podeu fer la reserva amb antelaci\u00f3 a la mateixa Biblioteca. Cada usuari podr\u00e0 reservar nom\u00e9s una sessi\u00f3 com a m\u00e0xim. Passats 10 minuts la reserva s&#8217;anula i es cedeix a l&#8217;usuari que ho sol\u00b7licite. Cal finalitzar la sessi\u00f3 amb puntualitat per permetre als altres usuaris comen\u00e7ar a l&#8217;hora que tenen reservada. Les sessions de consulta nom\u00e9s poden realitzar-se individualment. No podran participar-hi dues o m\u00e9s persones simult\u00e0niament. Respecteu la privacitat dels altres usuaris.<\/p><\/li>\t<\/ul>\n\t<ul>\n\t\t<li>\t\t\n\t\t7<p>La Biblioteca no es far\u00e0 responsable de la informaci\u00f3 a la qual accedeixen els usuaris.<\/p><\/li><li>\t\t\n\t\t8<p>La Biblioteca posar\u00e0 a l&#8217;abast dels usuaris disquets i CD-ROMs per tal d&#8217;enmagatzetmar (al preu de 40 c\u00e8ntims els disquets i de 75 c\u00e8ntims els CD-ROMs.)<\/p><\/li><li>\t\t\n\t\t9<p>Es podran imprimir documents des de la impresora de Sala sol\u00b7licitant la connexi\u00f3 al personal de la Biblioteca, i per un preu de 5 c\u00e8ntims per full.<\/p><\/li><li>\t\t\n\t\t10<p>El personal de la Biblioteca es reserva el dret de finalitzar les sessions en qualsevol moment.<\/p><\/li><li>\t\t\n\t\t11<p>L&#8217;incompliment d&#8217;aquestes normes podr\u00e0 ser sancionat amb la suspensi\u00f3 del dret a l&#8217;acc\u00e9s al servei.<\/p><\/li>\t<\/ul>\n\n","protected":false},"excerpt":{"rendered":"<p>La biblioteca Normes d\u00b4\u00fas \u00das de la Biblioteca \u00das dels ordinadors Normes d&#8217;\u00fasde la Biblioteca Cap\u00edtol I &#8211; Disposicions generals Article1L\u00b4objecte d\u00b4aquestes Normes d\u00b4\u00das \u00e9s el d\u00b4establir les normes fonamentals necess\u00e0ries que han de regir l\u00b4ordre intern de la Biblioteca Municipal de X\u00e0tiva, i tamb\u00e9 garantir uns serveis que faciliten l\u00b4organitzaci\u00f3 i el funcionament a [&hellip;]<\/p>\n","protected":false},"author":1,"featured_media":0,"parent":15231,"menu_order":20,"comment_status":"closed","ping_status":"closed","template":"","meta":{"site-sidebar-layout":"default","site-content-layout":"","ast-site-content-layout":"default","site-content-style":"default","site-sidebar-style":"default","ast-global-header-display":"","ast-banner-title-visibility":"","ast-main-header-display":"","ast-hfb-above-header-display":"","ast-hfb-below-header-display":"","ast-hfb-mobile-header-display":"","site-post-title":"disabled","ast-breadcrumbs-content":"","ast-featured-img":"disabled","footer-sml-layout":"","ast-disable-related-posts":"","theme-transparent-header-meta":"","adv-header-id-meta":"","stick-header-meta":"","header-above-stick-meta":"","header-main-stick-meta":"","header-below-stick-meta":"","astra-migrate-meta-layouts":"default","ast-page-background-enabled":"default","ast-page-background-meta":{"desktop":{"background-color":"var(--ast-global-color-4)","background-image":"","background-repeat":"repeat","background-position":"center center","background-size":"auto","background-attachment":"scroll","background-type":"","background-media":"","overlay-type":"","overlay-color":"","overlay-opacity":"","overlay-gradient":""},"tablet":{"background-color":"","background-image":"","background-repeat":"repeat","background-position":"center center","background-size":"auto","background-attachment":"scroll","background-type":"","background-media":"","overlay-type":"","overlay-color":"","overlay-opacity":"","overlay-gradient":""},"mobile":{"background-color":"","background-image":"","background-repeat":"repeat","background-position":"center center","background-size":"auto","background-attachment":"scroll","background-type":"","background-media":"","overlay-type":"","overlay-color":"","overlay-opacity":"","overlay-gradient":""}},"ast-content-background-meta":{"desktop":{"background-color":"var(--ast-global-color-5)","background-image":"","background-repeat":"repeat","background-position":"center center","background-size":"auto","background-attachment":"scroll","background-type":"","background-media":"","overlay-type":"","overlay-color":"","overlay-opacity":"","overlay-gradient":""},"tablet":{"background-color":"var(--ast-global-color-5)","background-image":"","background-repeat":"repeat","background-position":"center center","background-size":"auto","background-attachment":"scroll","background-type":"","background-media":"","overlay-type":"","overlay-color":"","overlay-opacity":"","overlay-gradient":""},"mobile":{"background-color":"var(--ast-global-color-5)","background-image":"","background-repeat":"repeat","background-position":"center center","background-size":"auto","background-attachment":"scroll","background-type":"","background-media":"","overlay-type":"","overlay-color":"","overlay-opacity":"","overlay-gradient":""}},"footnotes":""},"class_list":["post-15541","page","type-page","status-publish","hentry"],"_links":{"self":[{"href":"https:\/\/biblioteca.xativa.es\/es\/wp-json\/wp\/v2\/pages\/15541"}],"collection":[{"href":"https:\/\/biblioteca.xativa.es\/es\/wp-json\/wp\/v2\/pages"}],"about":[{"href":"https:\/\/biblioteca.xativa.es\/es\/wp-json\/wp\/v2\/types\/page"}],"author":[{"embeddable":true,"href":"https:\/\/biblioteca.xativa.es\/es\/wp-json\/wp\/v2\/users\/1"}],"replies":[{"embeddable":true,"href":"https:\/\/biblioteca.xativa.es\/es\/wp-json\/wp\/v2\/comments?post=15541"}],"version-history":[{"count":0,"href":"https:\/\/biblioteca.xativa.es\/es\/wp-json\/wp\/v2\/pages\/15541\/revisions"}],"up":[{"embeddable":true,"href":"https:\/\/biblioteca.xativa.es\/es\/wp-json\/wp\/v2\/pages\/15231"}],"wp:attachment":[{"href":"https:\/\/biblioteca.xativa.es\/es\/wp-json\/wp\/v2\/media?parent=15541"}],"curies":[{"name":"wp","href":"https:\/\/api.w.org\/{rel}","templated":true}]}}