{"id":15256,"date":"2022-05-03T12:19:59","date_gmt":"2022-05-03T12:19:59","guid":{"rendered":"https:\/\/desarrollo1.mibbo.es\/serveis\/carne-de-la-biblioteca\/"},"modified":"2025-11-12T16:17:11","modified_gmt":"2025-11-12T16:17:11","slug":"carnet-de-la-biblioteca","status":"publish","type":"page","link":"https:\/\/biblioteca.xativa.es\/es\/servicios\/carnet-de-la-biblioteca\/","title":{"rendered":"Carnet de la biblioteca"},"content":{"rendered":"\n\n\n\t<h2>Consigue tu carnet<\/h2>\n<p>El carnet de la Biblioteca de X\u00e0tiva es gratuito, personal e intransferible. Ser\u00e1 v\u00e1lido para todas las bibliotecas valencianas que forman parte de la XLPV.<\/p>\n<p>Para solicitar tu carnet debes rellenar un formulario y entregarlo de forma presencial en la Biblioteca, junto con una foto de carnet (de unos 4 x 3 cm), mostrando tu DNI, NIE o pasaporte.<\/p>\n<h3>Formulario del carnet de Biblioteca<\/h3>\n<p>El carnet de menores de 14 a\u00f1os, lo solicitar\u00e1 el tutor o tutora y se tendr\u00e1 que traer el DNI de la persona adulta y de la menor (si lo tuviera).<\/p>\n<p>El uso del carnet de adulto por parte de otras personas diferentes a la titular del mismo no est\u00e1 permitido. S\u00f3lo las madres y padres podr\u00e1n hacer uso del carnet de sus hijos e hijas para retirar en pr\u00e9stamo documentos para p\u00fablico infantil.<\/p>\n<p>Es imprescindible traer el carnet de la Biblioteca o el DNI para realizar el pr\u00e9stamo.<\/p>\n<p>El carnet en vigor es necesario para el pr\u00e9stamo, pr\u00e9stamo interbibliotecario y utilizar eBiblio.<\/p>\n<p>Tiene algunas ventajas como la entrada gratuita al Castillo de X\u00e0tiva y los museos p\u00fablicos de la ciudad, as\u00ed como descuentos en los teatros de la Red de Teatros de la Generalitat (presentando el carnet).<\/p>\n\t\t\t\t<img decoding=\"async\" src=\"https:\/\/biblioteca.xativa.es\/wp-content\/uploads\/2025\/11\/carnet-p-adultes-foto-600x485.jpg\" alt=\"carnet p adultes foto\" itemprop=\"image\" height=\"485\" width=\"600\" title=\"carnet p adultes foto\" onerror=\"this.style.display='none'\" loading=\"lazy\" \/>\n\t\t\t<a href=\"https:\/\/biblioteca.xativa.es\/wp-content\/uploads\/2025\/11\/Adultes.pdf\" target=\"_self\" rel=\"noopener\">\n\t\t\t\t\t\t\tDescargar solicitud p. adultas pdf\n\t\t\t<\/a>\n\t\t\t\t<img decoding=\"async\" src=\"https:\/\/biblioteca.xativa.es\/wp-content\/uploads\/2025\/11\/carnet-infantil-foto-600x485.jpg\" alt=\"carnet infantil foto\" itemprop=\"image\" height=\"485\" width=\"600\" title=\"carnet infantil foto\" onerror=\"this.style.display='none'\" loading=\"lazy\" \/>\n\t\t\t<a href=\"https:\/\/biblioteca.xativa.es\/wp-content\/uploads\/2025\/11\/Infantil.pdf\" target=\"_self\" rel=\"noopener\">\n\t\t\t\t\t\t\tDescargar solicitud infantil pdf\n\t\t\t<\/a>\n\n","protected":false},"excerpt":{"rendered":"<p>Consigue tu carnet El carnet de la Biblioteca de X\u00e0tiva es gratuito, personal e intransferible. Ser\u00e1 v\u00e1lido para todas las bibliotecas valencianas que forman parte de la XLPV. Para solicitar tu carnet debes rellenar un formulario y entregarlo de forma presencial en la Biblioteca, junto con una foto de carnet (de unos 4 x 3 [&hellip;]<\/p>\n","protected":false},"author":1,"featured_media":0,"parent":15224,"menu_order":0,"comment_status":"closed","ping_status":"closed","template":"","meta":{"site-sidebar-layout":"default","site-content-layout":"","ast-site-content-layout":"default","site-content-style":"default","site-sidebar-style":"default","ast-global-header-display":"","ast-banner-title-visibility":"","ast-main-header-display":"","ast-hfb-above-header-display":"","ast-hfb-below-header-display":"","ast-hfb-mobile-header-display":"","site-post-title":"disabled","ast-breadcrumbs-content":"","ast-featured-img":"","footer-sml-layout":"","ast-disable-related-posts":"","theme-transparent-header-meta":"","adv-header-id-meta":"","stick-header-meta":"","header-above-stick-meta":"","header-main-stick-meta":"","header-below-stick-meta":"","astra-migrate-meta-layouts":"set","ast-page-background-enabled":"default","ast-page-background-meta":{"desktop":{"background-color":"var(--ast-global-color-4)","background-image":"","background-repeat":"repeat","background-position":"center center","background-size":"auto","background-attachment":"scroll","background-type":"","background-media":"","overlay-type":"","overlay-color":"","overlay-opacity":"","overlay-gradient":""},"tablet":{"background-color":"","background-image":"","background-repeat":"repeat","background-position":"center center","background-size":"auto","background-attachment":"scroll","background-type":"","background-media":"","overlay-type":"","overlay-color":"","overlay-opacity":"","overlay-gradient":""},"mobile":{"background-color":"","background-image":"","background-repeat":"repeat","background-position":"center center","background-size":"auto","background-attachment":"scroll","background-type":"","background-media":"","overlay-type":"","overlay-color":"","overlay-opacity":"","overlay-gradient":""}},"ast-content-background-meta":{"desktop":{"background-color":"var(--ast-global-color-5)","background-image":"","background-repeat":"repeat","background-position":"center center","background-size":"auto","background-attachment":"scroll","background-type":"","background-media":"","overlay-type":"","overlay-color":"","overlay-opacity":"","overlay-gradient":""},"tablet":{"background-color":"var(--ast-global-color-5)","background-image":"","background-repeat":"repeat","background-position":"center center","background-size":"auto","background-attachment":"scroll","background-type":"","background-media":"","overlay-type":"","overlay-color":"","overlay-opacity":"","overlay-gradient":""},"mobile":{"background-color":"var(--ast-global-color-5)","background-image":"","background-repeat":"repeat","background-position":"center center","background-size":"auto","background-attachment":"scroll","background-type":"","background-media":"","overlay-type":"","overlay-color":"","overlay-opacity":"","overlay-gradient":""}},"footnotes":""},"class_list":["post-15256","page","type-page","status-publish","hentry"],"_links":{"self":[{"href":"https:\/\/biblioteca.xativa.es\/es\/wp-json\/wp\/v2\/pages\/15256"}],"collection":[{"href":"https:\/\/biblioteca.xativa.es\/es\/wp-json\/wp\/v2\/pages"}],"about":[{"href":"https:\/\/biblioteca.xativa.es\/es\/wp-json\/wp\/v2\/types\/page"}],"author":[{"embeddable":true,"href":"https:\/\/biblioteca.xativa.es\/es\/wp-json\/wp\/v2\/users\/1"}],"replies":[{"embeddable":true,"href":"https:\/\/biblioteca.xativa.es\/es\/wp-json\/wp\/v2\/comments?post=15256"}],"version-history":[{"count":2,"href":"https:\/\/biblioteca.xativa.es\/es\/wp-json\/wp\/v2\/pages\/15256\/revisions"}],"predecessor-version":[{"id":23357,"href":"https:\/\/biblioteca.xativa.es\/es\/wp-json\/wp\/v2\/pages\/15256\/revisions\/23357"}],"up":[{"embeddable":true,"href":"https:\/\/biblioteca.xativa.es\/es\/wp-json\/wp\/v2\/pages\/15224"}],"wp:attachment":[{"href":"https:\/\/biblioteca.xativa.es\/es\/wp-json\/wp\/v2\/media?parent=15256"}],"curies":[{"name":"wp","href":"https:\/\/api.w.org\/{rel}","templated":true}]}}