{"id":15086,"date":"2022-01-20T22:11:10","date_gmt":"2022-01-20T22:11:10","guid":{"rendered":"https:\/\/desarrollo1.mibbo.es\/el-relieve\/"},"modified":"2022-05-19T09:39:06","modified_gmt":"2022-05-19T09:39:06","slug":"el-relieve","status":"publish","type":"page","link":"https:\/\/biblioteca.xativa.es\/es\/geografia\/el-relieve\/","title":{"rendered":"El relieve"},"content":{"rendered":"\n\n\n\t<p>En t\u00e9rminos generales, el relieve municipal responde, como hemos dicho, a un corte transversal del valle del r\u00edo C\u00e0nyoles perfectamente delimitado por la Serra de Enguera al norte y por la Serra Grossa al sur. No obstante hay tres elementos que modifican esta estructura y le dan un car\u00e1cter particular.<\/p>\n<strong>SERRA DE VERNISSA Y DEL CASTELL<\/strong><br \/>\nEl conjunto es una formaci\u00f3n monta\u00f1osa lineal paralela a la Serra Grossa, que corta en dos mitades bien diferenciadas el t\u00e9rmino municipal. La zona norte abarca el valle del C\u00e0nyoles propiamente dicho, con una cubeta plana limitada por zonas monta\u00f1osas de fuertes pendientes en la que se dan los cultivos de regad\u00edo y se localizan los asentamientos de poblaci\u00f3n. La zona sur tiene un relieve m\u00e1s accidentado, dividido a grandes rasgos en dos cuencas hidrogr\u00e1ficas, separadas por una l\u00ednea de cumbres de mediana altura que une de norte a sur la Serra de Vernissa y la Serra Grossa. La cuenca oeste vierte al r\u00edo C\u00e0nyoles y la cuenca este vierte al r\u00edo Albaida.\n<p>Penetra por el sur por un encajonado valle que separa el t\u00e9rmino de Genov\u00e9s y el de X\u00e0tiva, y se abre una vez superada la Serra del Castell, penetrando en el t\u00e9rmino municipal hasta confluir con el r\u00edo C\u00e0nyoles para dirigirse posteriormente hacia el nordeste bordeando las \u00faltimas estribaciones de la Serra d&#8217;Enguera. En este tramo, su margen izquierda corresponde a la llanura de huerta de la cubeta del C\u00e0nyoles mientras que la margen derecha tiene un relieve suavemente ondulado con la presencia del elevado promontorio del Puig.<\/p>\n<p>El Puig est\u00e1 situado en la margen derecha del r\u00edo Albaida, poco antes de su confluencia con el C\u00e0nyoles y es un elemento de gran importancia simb\u00f3lica y paisaj\u00edstica para toda la comarca ya que se\u00f1ala el final geogr\u00e1fico de la Costera con su silueta c\u00f3nica, de base el\u00edptica y cumbre escarpada. Por el lado opuesto al r\u00edo Albaida discurre el r\u00edo Barxeta, de mucha menos entidad, que desemboca en aqu\u00e9l, poco antes de su salida del t\u00e9rmino municipal.<\/p>\n<p>El territorio queda as\u00ed dividido en varias zonas dentro de las cuales se mantienen relativamente homog\u00e9neas sus caracter\u00edsticas morfol\u00f3gicas y productivas. Una descripci\u00f3n de cada una de ellas dar\u00e1 una imagen m\u00e1s fiable de la estructura formal del t\u00e9rmino municipal, con tres sectores diferenciados: las estribaciones de la Serra d&#8217;Enguera, la margen derecha del r\u00edo Albaida y la huerta de C\u00e0nyoles.<\/p>\n<strong>ESTRIBACIONES DE LA SERRA D&#8217;ENGUERA<\/strong><br \/>\nEs una zona monta\u00f1osa que al norte est\u00e1 organizada en torno al profundo barranco de la Teixonera, que la recorre en direcci\u00f3n noreste para desembocar en el r\u00edo Albaida fuera del t\u00e9rmino municipal. El relieve es muy accidentado y el suelo agr\u00edcolamente improductivo, con cumbres desde las que se divisa una amplia panor\u00e1mica de la Ribera Alta, con alturas que oscilan entre los 130 y 230 m de altitud: Lloma Alta, Lloma del Pi, Font d&#8217;Escuriel, Saladar, etc.).\n<p>Hacia el sur se suaviza el relieve y la pendiente se hace m\u00e1s uniforme hasta llegar al r\u00edo C\u00e0nyoles y al barranco de Carnicers, llegando a ser plano junto al r\u00edo, excepto en la zona del Carraixet, donde se encuentra un promontorio (l&#8217;Alt de Requena, de 156 m de altitud) que delimita el punto en que el r\u00edo Albaida sale de la Costera para entrar en la Ribera Alta, junto al pueblo de Manuel.<\/p>\n<strong>MARGEN DERECHA DEL R\u00cdO ALBAIDA<\/strong><br \/>\nDominada por la presencia del Puig, de 310 m de altitud, que est\u00e1 rodeada por zonas planas destinadas a regad\u00edo (Arenals del Puig, Benifurt). Hacia el oeste cuenta con dos cauces con caudal estacionario que lo recorren de sur a norte en direcci\u00f3n al r\u00edo Albaida: el r\u00edo de Barxeta, al este junto al \u00faltimo promontorio del t\u00e9rmino municipal (el Cabezo de 180 m de altitud) y el barranco del Brull o de Miralb\u00f3, donde finalizan la plana de Benifurt y las faldas de Puig. Ambos cauces se encuentran separados en la zona de Terrafort por una suave loma longitudinal, al norte de la cual se encuentra el n\u00facleo de poblaci\u00f3n de la Torre d&#8217;en Lloris.\n<strong>HORTA DEL C\u00c0NYOLES<\/strong><br \/>\nSe extiende desde el t\u00e9rmino de Llosa de Ranes hasta la base de la Serra del Castell, donde se encuentra el n\u00facleo de X\u00e0tiva. Es una extensa llanura sin desniveles se\u00f1alados, cruzada por el C\u00e0nyoles, con un cauce de 50 a 100 m de anchura y una profundidad respecto a la plana de 5 a 15 m. La altitud media respecto al nivel del mar es de 85 m y se extiende hacia el oeste, m\u00e1s all\u00e1 del l\u00edmite municipal, hacia Canals y Alc\u00fadia de Crespins.\n<p>Est\u00e1 surcada por caminos y acequias, siguiendo una parcelaci\u00f3n muy geom\u00e9trica y fragmentada, y est\u00e1 dividida en varias zonas de distinta denominaci\u00f3n, separadas por las carreteras de acceso a X\u00e0tiva y la l\u00ednea del ferrocarril (la Vila, Palmera, Meses, etc).<\/p>\n<p>En ella se sit\u00faan los n\u00facleos de poblaci\u00f3n de Annahuir (al oeste, margen derecha), y Sori\u00f3 (zona central y margen izquierda).<\/p>\n<strong>SIERRA DE VERNISSA Y SIERRA DEL CASTELL<\/strong><br \/>\nConstituyen el l\u00edmite visual y funcional de la zona norte, siendo una formaci\u00f3n rocosa de fuerte impacto paisaj\u00edstico. En la serra de Vernissa al oeste, destaca el pico del Vernissa (455 m) por su altura, y la Pe\u00f1a de San Diego (378 m) por su peculiar formaci\u00f3n rocosa en la cumbre. La Serra del Castell es continuaci\u00f3n de la anterior, separada de ella por el llamado Port de Bixquert y tiene un relieve espectacularmente escarpado (especialmente por la cara sur) coronado por la silueta longitudinal del Castell, que la recorre uniendo las cumbres sucesivas continuando en la Pe\u00f1a Roja, reconocible por la perpendicularidad de sus paredes.\n<p>Al este del Castell la orograf\u00eda se diversifica y contin\u00faa en varios peque\u00f1os promontorios (Calvari, Serreta dels Quatre Aires, Pinar de Eduardo) separados de la zona norte de Bixquert por el barranco de Angeliu.<\/p>\n<p>Delimitada entre las dos cadenas monta\u00f1osas paralelas, su relieve es m\u00e1s accidentado que el de la zona norte, caracterizado por la existencia de dos vertientes diferentes, separadas por una l\u00ednea de cumbres de mediana altura: Lloma Plana (292 m), el Agull\u00f3 (298 m), Lloma Gosalvo (297 m) y Lloma de Pla (291 m).<\/p>\n<strong>VERTIENTE DEL R\u00cdO C\u00c0NYOLES<\/strong><br \/>\nCaracterizado por la presencia del promontorio de Bolbens (300 m), separado de la sierra de Vernissa por el estrecho barranco del Pla de Agull\u00f3 y de la Serra Grossa por el barranco de la Casa Sanchis, que unido al barranco de Bolbens, forman una cuenca m\u00e1s amplia y con suaves pendientes aterrazadas hacia el norte y el oeste, en direcci\u00f3n al r\u00edo C\u00e0nyoles.<br \/>\nLa zona cercana al r\u00edo tiene las caracter\u00edsticas de la zona huerta, mientras que la pr\u00f3xima a la Serra Grossa cuenta con varias terrazas de suave pendiente a 270 m de altitud (Casa Sanchis, Casa Vallino) con cultivos de naranjos.\n<strong>VERTIENTE DEL R\u00cdO ALBAIDA<\/strong><br \/>\nMayor que la anterior en longitud, se encuentra dividida en dos cuencas paralelas que la recorren completamente, separadas entre s\u00ed por un estrecho promontorio longitudinal recorrido en la cumbre por la Senda de les Olles, que se convierte as\u00ed en una verdadera espina dorsal de esta zona.\n<p>La cuenca norte est\u00e1 formada por el barranco de Capanda, que se une posteriormente al del Pont Sec (que nace a los pies de la Serra del Castell, junto al Port de Bixquert, y juntos definen una amplia hondonada de vertientes aterrazadas con cultivos de secano y edificaciones de segunda residencia (Bixquert). Al final de su recorrido, la margen izquierda del barranco se complica orogr\u00e1ficamente al bordear las estribaciones de la Serra del Castell con cumbres y barrancos (Corona Estrella, 272 m), la Pedrera, etc.) que acaban abruptamente en el valle del r\u00edo Albaida, profundamente encajonado en ese tramo. El barranco desemboca en \u00e9ste por debajo del viaducto de les Arcadetes, frente al n\u00facleo de Alboi.<\/p>\n<p>Al sur de la Senda de les Olles discurre el barranco de Caturla, cuya margen izquierda es una pendiente aterrazada con varios promontorios (casa Bernab\u00e9), mientras que la derecha corresponde a las faldas de la Serra Grossa que en este punto tienen una fuerte pendiente.<\/p>\n<p>La Serra Grossa cierra por el sur el t\u00e9rmino municipal, cuyo l\u00edmite recorre las cumbres, descendiendo paulatinamente desde la Lloma de l&#8217;Olbiol (463 m), Penya de la Mel (435 m) hacia el cauce del r\u00edo Albaida, despu\u00e9s del barranco de la Penya de la Mel, por el cual penetra la carretera N 340, acabando en la zona de la Cova Negra con una pronunciada pendiente arbolada.<\/p>\n\n","protected":false},"excerpt":{"rendered":"<p>En t\u00e9rminos generales, el relieve municipal responde, como hemos dicho, a un corte transversal del valle del r\u00edo C\u00e0nyoles perfectamente delimitado por la Serra de Enguera al norte y por la Serra Grossa al sur. No obstante hay tres elementos que modifican esta estructura y le dan un car\u00e1cter particular. SERRA DE VERNISSA Y DEL [&hellip;]<\/p>\n","protected":false},"author":1,"featured_media":0,"parent":15312,"menu_order":12,"comment_status":"closed","ping_status":"closed","template":"","meta":{"site-sidebar-layout":"default","site-content-layout":"","ast-site-content-layout":"default","site-content-style":"default","site-sidebar-style":"default","ast-global-header-display":"","ast-banner-title-visibility":"","ast-main-header-display":"","ast-hfb-above-header-display":"","ast-hfb-below-header-display":"","ast-hfb-mobile-header-display":"","site-post-title":"disabled","ast-breadcrumbs-content":"","ast-featured-img":"disabled","footer-sml-layout":"","ast-disable-related-posts":"","theme-transparent-header-meta":"","adv-header-id-meta":"","stick-header-meta":"","header-above-stick-meta":"","header-main-stick-meta":"","header-below-stick-meta":"","astra-migrate-meta-layouts":"default","ast-page-background-enabled":"default","ast-page-background-meta":{"desktop":{"background-color":"var(--ast-global-color-4)","background-image":"","background-repeat":"repeat","background-position":"center center","background-size":"auto","background-attachment":"scroll","background-type":"","background-media":"","overlay-type":"","overlay-color":"","overlay-opacity":"","overlay-gradient":""},"tablet":{"background-color":"","background-image":"","background-repeat":"repeat","background-position":"center center","background-size":"auto","background-attachment":"scroll","background-type":"","background-media":"","overlay-type":"","overlay-color":"","overlay-opacity":"","overlay-gradient":""},"mobile":{"background-color":"","background-image":"","background-repeat":"repeat","background-position":"center center","background-size":"auto","background-attachment":"scroll","background-type":"","background-media":"","overlay-type":"","overlay-color":"","overlay-opacity":"","overlay-gradient":""}},"ast-content-background-meta":{"desktop":{"background-color":"var(--ast-global-color-5)","background-image":"","background-repeat":"repeat","background-position":"center center","background-size":"auto","background-attachment":"scroll","background-type":"","background-media":"","overlay-type":"","overlay-color":"","overlay-opacity":"","overlay-gradient":""},"tablet":{"background-color":"var(--ast-global-color-5)","background-image":"","background-repeat":"repeat","background-position":"center center","background-size":"auto","background-attachment":"scroll","background-type":"","background-media":"","overlay-type":"","overlay-color":"","overlay-opacity":"","overlay-gradient":""},"mobile":{"background-color":"var(--ast-global-color-5)","background-image":"","background-repeat":"repeat","background-position":"center center","background-size":"auto","background-attachment":"scroll","background-type":"","background-media":"","overlay-type":"","overlay-color":"","overlay-opacity":"","overlay-gradient":""}},"footnotes":""},"class_list":["post-15086","page","type-page","status-publish","hentry"],"_links":{"self":[{"href":"https:\/\/biblioteca.xativa.es\/es\/wp-json\/wp\/v2\/pages\/15086"}],"collection":[{"href":"https:\/\/biblioteca.xativa.es\/es\/wp-json\/wp\/v2\/pages"}],"about":[{"href":"https:\/\/biblioteca.xativa.es\/es\/wp-json\/wp\/v2\/types\/page"}],"author":[{"embeddable":true,"href":"https:\/\/biblioteca.xativa.es\/es\/wp-json\/wp\/v2\/users\/1"}],"replies":[{"embeddable":true,"href":"https:\/\/biblioteca.xativa.es\/es\/wp-json\/wp\/v2\/comments?post=15086"}],"version-history":[{"count":0,"href":"https:\/\/biblioteca.xativa.es\/es\/wp-json\/wp\/v2\/pages\/15086\/revisions"}],"up":[{"embeddable":true,"href":"https:\/\/biblioteca.xativa.es\/es\/wp-json\/wp\/v2\/pages\/15312"}],"wp:attachment":[{"href":"https:\/\/biblioteca.xativa.es\/es\/wp-json\/wp\/v2\/media?parent=15086"}],"curies":[{"name":"wp","href":"https:\/\/api.w.org\/{rel}","templated":true}]}}