{"id":15085,"date":"2022-01-20T22:26:03","date_gmt":"2022-01-20T22:26:03","guid":{"rendered":"https:\/\/desarrollo1.mibbo.es\/la-flora\/"},"modified":"2022-05-19T09:30:47","modified_gmt":"2022-05-19T09:30:47","slug":"la-flora","status":"publish","type":"page","link":"https:\/\/biblioteca.xativa.es\/es\/geografia\/la-flora\/","title":{"rendered":"La flora"},"content":{"rendered":"\n\n\n\t<p>Como es sabido, la vegetaci\u00f3n, entendida como el conjunto de especies vegetales que ocupan una determinada \u00e1rea, es el resultado de la interacci\u00f3n profunda entre las propias especies, el clima y el suelo. En la regi\u00f3n mediterr\u00e1nea, y m\u00e1s concretamente en la zona de X\u00e0tiva, el tipo de vegetaci\u00f3n que representa la mejor integraci\u00f3n entre el suelo, el clima, la vegetaci\u00f3n y la fauna son el carrascal (bosque de encinas), la maquia litoral (coscojal denso) y la maquia continental.<\/p>\n<h6>A. ZONAS H\u00daMEDAS<\/h6>\nEn las zonas h\u00famedas, como son el r\u00edo C\u00e0nyoles y el Albaida, la vegetaci\u00f3n depende fundamentalmente del substrato o, en el caso de la vegetaci\u00f3n acu\u00e1tica del tipo de agua.<br \/>\nSe pueden distinguir tres tipos de vegetaci\u00f3n: vegetaci\u00f3n acu\u00e1tica, vegetaci\u00f3n anfibia y vegetaci\u00f3n riparia:\n\t<p><strong>1.<\/strong> Vegetaci\u00f3n acu\u00e1tica: En las zonas con gran abundancia de materia org\u00e1nica, proliferan exageradamente determinadas plantas acu\u00e1ticas y algas filamentosas (como las lentejas de agua Lemna gibba y Lemna minnor y pleustofitos Miriophyllum spicatum y Cerathopyllum demersum) que provocan una fuerte disminuci\u00f3n del ox\u00edgeno en el agua, necesario para la vida de otras plantas como para la fauna. La naturaleza del substrato es muy importante para el establecimiento de determinadas comunidades adaptadas a una o a otra textura (limo, arena, arcilla o grava). La velocidad del agua es tambi\u00e9n un factor para que en un lugar determinado aparezcan unas especies u otras. As\u00ed, en substratos de grava con cierta corriente podemos encontrar Potamogeton nodosus y Potamogeton pectinatus. Al contrario, en zonas de meandros o azudes con escasa corriente y substrato arenoso podemos proliferan especies como Ludwigia uruguayensis. Esta planta impide el paso de la luz hacia el estrato inferior, donde solo pueden crecer plantas con escasas necesidades lum\u00ednicas. Es el caso del Cerathophyllum demersum o del Miriophyllum spicatum.<\/p>\n\t\t\t\t<img loading=\"lazy\" decoding=\"async\" src=\"http:\/\/biblioteca.xativa.es\/wp-content\/uploads\/2022\/03\/Ceratophyllumdemersum.img_assist_custom-188x250-1.jpg\" alt=\"Ceratophyllum demersum\" itemprop=\"image\" height=\"250\" width=\"188\" title=\"Ceratophyllumdemersum.img_assist_custom-188x250\" onerror=\"this.style.display='none'\"  \/>\n\t\tCeratophyllum demersum\n\t<strong>2<\/strong>. Vegetaci\u00f3n anfibia: los par\u00e1metros que condicionan la distribuci\u00f3n, composici\u00f3n y estructura de las comunidades vegetales anfibias son iguales a las mencionadas para la vegetaci\u00f3n acu\u00e1tica, adquiriendo una importancia fundamental las fluctuaciones en el nivel de las aguas. Se pueden distinguir las siguientes comunidades:<br \/>\n* Comunidad de Arundo donax (ca\u00f1a, canya) con Calystegia sepium y Arum italicum. Se ha podido herborizar dentro de esta comunidad la Chelidonium majus (celidonia, celid\u00f2nia), una especie bastante rara.<br \/>\n*Comunidad de Phragmites australis junto a Alisma plantago-aquatica (ca\u00f1izo, cany\u00eds y llant\u00e9n de agua, llant\u00e9n d&#8217;aigua). \n\t\t\t\t<img loading=\"lazy\" decoding=\"async\" src=\"http:\/\/biblioteca.xativa.es\/wp-content\/uploads\/2022\/03\/Arbutus_unedo.img_assist_custom-299x213-1.jpg\" alt=\"Ceratophyllum demersum\" itemprop=\"image\" height=\"213\" width=\"299\" title=\"Arbutus_unedo.img_assist_custom-299x213\" onerror=\"this.style.display='none'\"  \/>\n\t\tCeratophyllum demersum\n\tEntre las especies herborizadas destacamos las siguientes: Epibolium hirsutum, Ipomea sagitat, Litrum salicaria.<br \/>\n* Sparganium erectum (platanaria, bova borda). Forma grandes biomasas que se introducen a cierta profundidad. En esta estaci\u00f3n encontramos las platanarias formando una comunidad monoespec\u00edfica que ocupa un gran espacio.\n\t\t\t\t<img loading=\"lazy\" decoding=\"async\" src=\"http:\/\/biblioteca.xativa.es\/wp-content\/uploads\/2022\/03\/potamogeton-pectinatus-.img_assist_custom-199x249-1.jpg\" alt=\"Potamogeton pectinatus\" itemprop=\"image\" height=\"249\" width=\"199\" title=\"potamogeton-pectinatus-.img_assist_custom-199x249\" onerror=\"this.style.display='none'\"  \/>\n\t\tPotamogeton pectinatus\n\t<p>Otras especies anfibias que podemos encontrar en nuestra zona son: Nasturtium officinalis (berros, cr\u00e8ixens), Apium nodiflora (berraza, api bord), Scrofularia auriculata, Veronica anagallis-aquatica, Rumex hidrolapatum, Rumex palustris, Lythnum juncea, Mentha aquatica, Typha latifolia, Typha angustifolia, Scirpus lacustris subsp. tabernaemontani, Lythrum salicaria, Carex pendula, Juncus maritimus, Scirpus tabernaemontani, Juncus articulatis, Scirpus longus, Galium aparine, Galium palustris, Lycopus europeus y dos especies poco conocidas en nuestra provincia: Eleocharis palustris y Eleocharis acicularis.<\/p>\n<p><strong>3.<\/strong>Vegetaci\u00f3n riparia: Es la que se instala generalmente cerca del lecho de los r\u00edos y se pueden distinguir las siguientes series:<\/p>\n<ul>\n<li>Ca\u00f1izales y juncales: es la vegetaci\u00f3n anfibia.<\/li>\n<li>Salceda: Se instala donde no lo puede hacer la chopada, formando parte a veces de los ca\u00f1izales.<\/li>\n<\/ul>\n\t\t\t\t<img loading=\"lazy\" decoding=\"async\" src=\"http:\/\/biblioteca.xativa.es\/wp-content\/uploads\/2022\/03\/Arundo-donax.img_assist_custom-188x250-1.jpg\" alt=\"Arundo donax\" itemprop=\"image\" height=\"250\" width=\"188\" title=\"Arundo donax.img_assist_custom-188x250\" onerror=\"this.style.display='none'\"  \/>\n\t\tArundo donax\n\t<ul>\n<li>Chopadas: Un poco m\u00e1s alejadas del lecho fluvial que la salceda y con la particularidad de un encharcamiento prolongado. A causa de la intensa sombra que producen los chopos, s\u00f3lo aparecen especies esci\u00f3filas (amantes de la sombra). Hoy en d\u00eda estas chopadas est\u00e1n formadas por especies h\u00edbridas cultivadas por el hombre con la finalidad de su explotaci\u00f3n comercial.<\/li>\n<li>Olmedos: Esta formaci\u00f3n se produce en las zonas m\u00e1s alejadas del lecho. Los escasos ejemplares de Ulmus minor (olmo, om) de nuestra zona que han resistido la acci\u00f3n humana, padecen la mortal enfermedad del olmo holand\u00e9s, producida por el hongo pat\u00f3geno Ceratocystis ulmi.<\/li>\n<li>Mirtar: Representa la aut\u00e9ntica frontera entre la vegetaci\u00f3n riparia y la maquia. El mirtar (murtar) est\u00e1 constituido por gran cantidad de especies entre las que abundan lianas y arbustos punzantes.<\/li>\n<\/ul>\n\t\t\t\t<img loading=\"lazy\" decoding=\"async\" src=\"http:\/\/biblioteca.xativa.es\/wp-content\/uploads\/2022\/03\/800px-Juniperus_oxycedrus.img_assist_custom-300x225-1.jpg\" alt=\"Juniperus oxycedrus\" itemprop=\"image\" height=\"225\" width=\"300\" title=\"800px-Juniperus_oxycedrus.img_assist_custom-300x225\" onerror=\"this.style.display='none'\"  \/>\n\t\tJuniperus oxycedrus\n\t<ul>\n<li>Son caracter\u00edsticas las siguientes especies: Mirtus communis (mirto, murta), Punica granatum (granado, magraner bord), Smilax aspera (zarzaparrilla, sarsaparrella), Clematis flammula (hierba muermera, liana), Rubus ulmifolius (zarza, esbarzer), Vinca media, Coriaria myrtofolia (emborrachacabras, roldor), Rugia peregruna (liana), Rununculus bulbosus.<\/li>\n<li>Maquia: La vegetaci\u00f3n que se instala aqu\u00ed es el tamarisco, tamarit, Tamarix spp., del cual hay pocos ejemplares, y adelfa, baladre (Nerium oleander). En algunos de estos ribazos de sustrato arenoso se observan escasos ejemplares de Claudium mariscus (masiega, mansega).<\/li>\n<\/ul>\n\t\t\t\t<img loading=\"lazy\" decoding=\"async\" src=\"http:\/\/biblioteca.xativa.es\/wp-content\/uploads\/2022\/03\/Rubus-ulmifolius.img_assist_custom-300x201-1.jpg\" alt=\"Rubus ulmifolius\" itemprop=\"image\" height=\"201\" width=\"300\" title=\"Rubus ulmifolius.img_assist_custom-300x201\" onerror=\"this.style.display='none'\"  \/>\n\t\tRubus ulmifolius\n\t<h6>B. MUNTANYES<\/h6>\nLa vegetaci\u00f3n clim\u00e1tica de nuestras monta\u00f1as corresponde al bosque de Quercus rotundifoliae (encinas carrascas, carrasca). Este tipo de bosque, muy rico en especies, queda actualmente relegado, en nuestra zona, a las hondonadas y lugares m\u00e1s inaccesibles a causa de la acci\u00f3n antropol\u00f3gica que padecen (tala, pastoreo, transformaciones agr\u00edcolas, incendios forestales&#8230;)<br \/>\nEn su lugar se han instalado el matorral y romerales. De entre ellas podemos destacar las siguientes formaciones:\n\t<p>La maquia litoral: constituida mayoritariamente por la coscoja, coscoll (Quercus coccifera) y el lentisco, llentiscle (Pistacia lentiscus), junto a especies muy term\u00f3filas como el palmito, margall\u00f3 (Chamaerops humilis), \u00fanica palm\u00e1cea aut\u00f3ctona, acompa\u00f1ada por un estrato arb\u00f3reo de pino carrasco, pi bord (Pinus aleplensis). Otras especies representativas que encontramos en esta formaci\u00f3n son el fenazo, fen\u00e0s (Brachypodium retusum), terebinto o cornicabra, garrofer bord (Ceratonia siliqua var. sylvestris), acebuche, ullastre (Olea europea var. sylvestris), aladierno, aladern (Rhamnus alaternus), etc.<\/p>\n<p>La maleza (brolles): representan una etapa regresiva de la maquia. Est\u00e1n formadas por arbustos espinosos y\/o escler\u00f3filos bien adaptados a las tierras pobres y secas. Se trata sin duda de la formaci\u00f3n m\u00e1s extendida por toda la zona, lo cual indica el estado de degradaci\u00f3n de nuestras monta\u00f1as. Las especies representativas de esta formaci\u00f3n son: el brezo, petorret (Erica multiflora), las aliagas, argilagues (Genista hirsuta), estepa fina, estepa blanca (Cistus albidus), hierba de las siete sangr\u00edas, herbeta de la sang (Lithospermum fruticosum), etc.<\/p>\n\t\t\t\t<img loading=\"lazy\" decoding=\"async\" src=\"http:\/\/biblioteca.xativa.es\/wp-content\/uploads\/2022\/03\/ChamaeropsHumilis.img_assist_custom-166x250-1.jpg\" alt=\"Chamaerops humilis\" itemprop=\"image\" height=\"249\" width=\"166\" title=\"ChamaeropsHumilis.img_assist_custom-166x250\" onerror=\"this.style.display='none'\"  \/>\n\t\tChamaerops humilis\n\t<p>El tomillar (la timoneda): Tal como indica su nombre est\u00e1 formada principalmente por diversas especies de tomillo, tim\u00f3 (Thymus aestivus, Thymus vulgaris, Tymus piperella&#8230;) junto con otras especies arom\u00e1ticas y de inter\u00e9s ap\u00edcola como el rabo de gato, cueta de gat (Sideritis angustifolia), el tomillo macho, tim\u00f3 mascle (Teucrium polium). El tomillar representa la \u00faltima etapa en la regresi\u00f3n de la vegetaci\u00f3n.<\/p>\n<p>Un hecho digno de menci\u00f3n es la abundant\u00edsima vegetaci\u00f3n ruderal y arvense que prolifera en los m\u00e1rgenes de los caminos y en los campos yermos constituyendo aut\u00e9nticas asociaciones. Entre ellas podemos se\u00f1alar: la verdolaga (Portulaca oleracea), agrios, agrets (Oxalis pes-caprae), oruga silvestre, ravenells (Diplotaxis erucoides), casta\u00f1uela, jon\u00e7a (Cyperus rotundus), ortigas, ortigues ( Urtiga dioica), altabaca, olivarda (Inula viscosa), achicoria, xicoira (Cichorium intybus), correguela, correjola (Convolvulus althaeoides), etc.<\/p>\n\t\t\t\t<img loading=\"lazy\" decoding=\"async\" src=\"http:\/\/biblioteca.xativa.es\/wp-content\/uploads\/2022\/03\/Genista_hirsuta.img_assist_custom-300x225-1.jpg\" alt=\"Genista hirsuta\" itemprop=\"image\" height=\"225\" width=\"300\" title=\"Genista_hirsuta.img_assist_custom-300x225\" onerror=\"this.style.display='none'\"  \/>\n\t\tGenista hirsuta\n\t<h6>C. ENDEMISMOS<\/h6>\n<p>Tan solo citar la enorme importancia de la zona de X\u00e0tiva como una de las m\u00e1s ricas de Europa en especies propias. El endemismo es una planta \u00fanica restringida a un \u00e1rea determinada. Puede ser un relicto de \u00e9pocas antiguas que han quedado reducidas a un \u00e1rea muy peque\u00f1a o bien que han sido especiadas recientemente. En la zona de X\u00e0tiva encontramos la siguiente flora end\u00e9mica:<\/p>\n\t\t\t\t<img loading=\"lazy\" decoding=\"async\" src=\"http:\/\/biblioteca.xativa.es\/wp-content\/uploads\/2022\/03\/Silene_diclinis.img_assist_custom-300x225-1.jpg\" alt=\"Silene diclinis\" itemprop=\"image\" height=\"225\" width=\"300\" title=\"Silene_diclinis.img_assist_custom-300x225\" onerror=\"this.style.display='none'\"  \/>\n\t\tSilene diclinis\n\t<p>Silene declinis (ull de perdiu): Planta dioica, cespitosa, de tallos postrados o ascendentes, vilosos y sin pelos glandulares. Hojas agudas, ser\u00edceas. Flores masculinas con c\u00e1liz viloso de hasta 15 mm. Florece de febrero a mayo. Habita en suelos sil\u00edceos o calizos, bajo ombroclima subh\u00famedo. Se localiza en las monta\u00f1as del Buixcarr\u00f3 y del Mond\u00faver, as\u00ed como en los alrededores de X\u00e0tiva (subida al Castell). Es la \u00fanica planta valenciana que figura en la primera edici\u00f3n del libro rojo mundial de la flora de la UICN. Estudios a\u00fan en curso parecen demostrar la existencia de problemas en cuanto a fecundaci\u00f3n y dispersi\u00f3n de frutos y en general una rarefacci\u00f3n de los insectos \u00fatiles para la especie, provocado por el uso de pesticidas. Es la \u00abjoya de la corona\u00bb de la flora de nuestra zona.<\/p>\n\t<p>Sarcocapnos saetabensis: orella de ratol\u00ed, orelleta de roca, corets. Vivaz, erguida o colgante. Tallo verde claro, glabro, muy tierno y ramificado. Hojas de pec\u00edolo largo y con 3 a 9 foliolos ovalados o acorazonados, de consistencia m\u00e1s o menos carnosa. Corola rosada o lili\u00e1cea, de 15-20 mm. Florece de enero a julio. Habita en las grietas de los roquedos calizos umbrosos, con frecuencia extraplomados, grutas o reposaderos de ganado, as\u00ed como en muros de edificios antiguos, sobre todo bajo bioclima termo y mesomediterr\u00e1neo subh\u00famedo. Se distribuye principalmente desde la cuenca del Turia hasta la Marina Baixa, aunque alcanza las provincias de Murcia y Albacete. En X\u00e0tiva se encuentra en los riscos de la Serra del Castell.<\/p>\n\t\t\t\t<img loading=\"lazy\" decoding=\"async\" src=\"http:\/\/biblioteca.xativa.es\/wp-content\/uploads\/2022\/03\/Sarcocapnos_saetabensis.img_assist_custom-300x221-1.jpg\" alt=\"Sarcocapnos saetabensis\" itemprop=\"image\" height=\"221\" width=\"300\" title=\"Sarcocapnos_saetabensis.img_assist_custom-300x221\" onerror=\"this.style.display='none'\"  \/>\n\t\tSarcocapnos saetabensis\n\t<p>Chaenorhinum origanifolium: Espuelilla, esperons de roca, boqueta de gos. Mata sufrutescente, delicada, que habita en las fisuras de roquedos y paredones calizos por \u00e1reas de monta\u00f1a.<\/p>\n<em>Fuente:<br \/>\nVERA CH\u00c1FER, Josep y Joan PEDROLA MONFORT: \u00abEstudi ecol\u00f2gic del riu Alboi. Bases per a la seua conservaci\u00f3\u00bb, Papers de la Costera, 6 (1989)<br \/>\nFlora end\u00e9mica rara o amenazada de la Comunidad Valenciana: Generalitat Valenciana, 1998<\/em>\n\n","protected":false},"excerpt":{"rendered":"<p>Como es sabido, la vegetaci\u00f3n, entendida como el conjunto de especies vegetales que ocupan una determinada \u00e1rea, es el resultado de la interacci\u00f3n profunda entre las propias especies, el clima y el suelo. En la regi\u00f3n mediterr\u00e1nea, y m\u00e1s concretamente en la zona de X\u00e0tiva, el tipo de vegetaci\u00f3n que representa la mejor integraci\u00f3n entre [&hellip;]<\/p>\n","protected":false},"author":1,"featured_media":0,"parent":15312,"menu_order":9,"comment_status":"closed","ping_status":"closed","template":"","meta":{"site-sidebar-layout":"default","site-content-layout":"","ast-site-content-layout":"default","site-content-style":"default","site-sidebar-style":"default","ast-global-header-display":"","ast-banner-title-visibility":"","ast-main-header-display":"","ast-hfb-above-header-display":"","ast-hfb-below-header-display":"","ast-hfb-mobile-header-display":"","site-post-title":"disabled","ast-breadcrumbs-content":"","ast-featured-img":"disabled","footer-sml-layout":"","ast-disable-related-posts":"","theme-transparent-header-meta":"","adv-header-id-meta":"","stick-header-meta":"","header-above-stick-meta":"","header-main-stick-meta":"","header-below-stick-meta":"","astra-migrate-meta-layouts":"default","ast-page-background-enabled":"default","ast-page-background-meta":{"desktop":{"background-color":"var(--ast-global-color-4)","background-image":"","background-repeat":"repeat","background-position":"center center","background-size":"auto","background-attachment":"scroll","background-type":"","background-media":"","overlay-type":"","overlay-color":"","overlay-opacity":"","overlay-gradient":""},"tablet":{"background-color":"","background-image":"","background-repeat":"repeat","background-position":"center center","background-size":"auto","background-attachment":"scroll","background-type":"","background-media":"","overlay-type":"","overlay-color":"","overlay-opacity":"","overlay-gradient":""},"mobile":{"background-color":"","background-image":"","background-repeat":"repeat","background-position":"center center","background-size":"auto","background-attachment":"scroll","background-type":"","background-media":"","overlay-type":"","overlay-color":"","overlay-opacity":"","overlay-gradient":""}},"ast-content-background-meta":{"desktop":{"background-color":"var(--ast-global-color-5)","background-image":"","background-repeat":"repeat","background-position":"center center","background-size":"auto","background-attachment":"scroll","background-type":"","background-media":"","overlay-type":"","overlay-color":"","overlay-opacity":"","overlay-gradient":""},"tablet":{"background-color":"var(--ast-global-color-5)","background-image":"","background-repeat":"repeat","background-position":"center center","background-size":"auto","background-attachment":"scroll","background-type":"","background-media":"","overlay-type":"","overlay-color":"","overlay-opacity":"","overlay-gradient":""},"mobile":{"background-color":"var(--ast-global-color-5)","background-image":"","background-repeat":"repeat","background-position":"center center","background-size":"auto","background-attachment":"scroll","background-type":"","background-media":"","overlay-type":"","overlay-color":"","overlay-opacity":"","overlay-gradient":""}},"footnotes":""},"class_list":["post-15085","page","type-page","status-publish","hentry"],"_links":{"self":[{"href":"https:\/\/biblioteca.xativa.es\/es\/wp-json\/wp\/v2\/pages\/15085"}],"collection":[{"href":"https:\/\/biblioteca.xativa.es\/es\/wp-json\/wp\/v2\/pages"}],"about":[{"href":"https:\/\/biblioteca.xativa.es\/es\/wp-json\/wp\/v2\/types\/page"}],"author":[{"embeddable":true,"href":"https:\/\/biblioteca.xativa.es\/es\/wp-json\/wp\/v2\/users\/1"}],"replies":[{"embeddable":true,"href":"https:\/\/biblioteca.xativa.es\/es\/wp-json\/wp\/v2\/comments?post=15085"}],"version-history":[{"count":0,"href":"https:\/\/biblioteca.xativa.es\/es\/wp-json\/wp\/v2\/pages\/15085\/revisions"}],"up":[{"embeddable":true,"href":"https:\/\/biblioteca.xativa.es\/es\/wp-json\/wp\/v2\/pages\/15312"}],"wp:attachment":[{"href":"https:\/\/biblioteca.xativa.es\/es\/wp-json\/wp\/v2\/media?parent=15085"}],"curies":[{"name":"wp","href":"https:\/\/api.w.org\/{rel}","templated":true}]}}