{"id":15084,"date":"2022-01-20T22:13:27","date_gmt":"2022-01-20T22:13:27","guid":{"rendered":"https:\/\/desarrollo1.mibbo.es\/el-agua\/"},"modified":"2022-05-19T09:37:29","modified_gmt":"2022-05-19T09:37:29","slug":"el-agua","status":"publish","type":"page","link":"https:\/\/biblioteca.xativa.es\/es\/geografia\/el-agua\/","title":{"rendered":"El agua"},"content":{"rendered":"\n\n\n\t<p>La existencia de agua en un territorio condiciona en gran medida los usos dominantes en cada zona y las posibilidades de evoluci\u00f3n de los n\u00facleos de poblaci\u00f3n existentes. Diferenciaremos dos aspectos: la disponibilidad de recursos, y el grado de explotaci\u00f3n actual y futuro.<\/p>\n<h6>A. DISPONIBILIDAD DE RECURSOS HIDR\u00c1ULICOS<\/h6>\nLa distribuci\u00f3n de las aguas superficiales y subterr\u00e1neas tiene un car\u00e1cter supramunicipal, por lo que el estudio de las reservas y capacidad de renovaci\u00f3n ha de referirse a trabajos sobre \u00e1reas m\u00e1s amplias del territorio.<br \/>\n<strong>AGUAS SUPERFICIALES: R\u00cdOS<\/strong><br \/>\nDe los tres r\u00edos presentes en el municipio, el Albaida es el m\u00e1s importante en cuanto a caudal y continuidad de r\u00e9gimen. El C\u00e0nyoles y el Barxeta son afluentes del Albaida siendo el primero de r\u00e9gimen continuo a partir de Canals por las aportaciones del r\u00edo dels Sants, y el segundo de r\u00e9gimen discontinuo.\n<strong>R\u00cdO ALBAIDA<\/strong><br \/>\nPenetra por el sur del t\u00e9rmino municipal entre la Serra Grossa y la Serra de la Solana, en un valle profundo y estrecho con alturas de hasta 20 m en sus caras laterales, de gran pendiente y en algunos casos, cortadas a pico. Posteriormente entra en la cubeta aluvial del C\u00e0nyoles, donde discurre por un cauce de anchura oscilante entre 80 y 150 m y profundidad de 8 a 15 m, hasta llegar a la Sierra de Enguera, donde bordea las \u00faltimas estribaciones para pasar a la Ribera Alta del X\u00faquer. Su trazado es curvil\u00edneo debido a la presencia de numerosos accidentes geogr\u00e1ficos que debe sortear (Cova Negra, Ambastida, el Puig, l&#8217;Alt de Requena, el Cabezo, etc.).\n<strong>R\u00cdO CANYOLES<\/strong><br \/>\nDiscurre por la cubeta aluvial de la comarca de la Costera, con un cauce de 50 a l00 m de anchura y de 5 a 15 m de profundidad respecto al fondo del valle, con un recorrido casi rectil\u00edneo hasta su desembocadura en el r\u00edo Albaida. Antes de su entrada en el t\u00e9rmino municipal tiene un r\u00e9gimen estacionario con escasas aportaciones. A su paso por Canals recibe los excedentes del r\u00edo dels Sants y, sobre todo las aguas residuales urbanas, e industriales de Alc\u00fadia y Canals, que le aseguran un caudal continuo a lo largo de todo el a\u00f1o.\n<strong>R\u00cdO BARXETA<\/strong><br \/>\nDe mucha menor importancia, tiene una aportaci\u00f3n media de 6 hm\u00b3\/a\u00f1o. Penetra por el este del t\u00e9rmino municipal y confluye con el Albaida entre el Alt de Requena y el Cabezo. Su r\u00e9gimen estacional imposibilita el uso de sus aguas, que son escasamente aprovechadas para el cultivo.\n<strong>HIDROLOG\u00cdA SUBTERR\u00c0NIA<\/strong><br \/>\nLas caracter\u00edsticas f\u00edsicas de las diferentes unidades hidrol\u00f3gicas son:<br \/>\n<em>Unidad mioc\u00e9nica del Valle del C\u00e0nyoles<\/em><br \/>\nEst\u00e1 constituida por materiales sedimentarios cuaternarios y del Mioceno Superior, de car\u00e1cter permeable, asentado sobre formaciones impermeables del Tap Burdigaliense, lo que caracteriza la unidad como una cubeta permeable de espesores comprendidos entre 10 y 96 m de profundidad.\n<p>El nivel fre\u00e1tico se encuentra bastante superficial, dando lugar a descargas en forma de peque\u00f1os manantiales en el cauce del r\u00edo y facilidad de apertura de pozos, especialmente en la zona junto a Canals, donde la cubeta presenta una depresi\u00f3n apropiada para la obtenci\u00f3n de caudales medios de 2000 l\/min en pozos de 20 a 30 m de profundidad.<\/p>\n<p>Esta unidad ocupa el 40 % de la superficie municipal y es sensible a las contaminaciones por porosidad, dadas las caracter\u00edsticas del material cuaternario sedimentado. Constituye una reserva importante de agua, estimada globalmente a nivel comarcal en unos 190 hm\u00b3.<\/p>\n<em>Unidad mioc\u00e9nica de la Vall d&#8217;Albaida<\/em><br \/>\nunque su desarrollo se sit\u00faa fuera de la comarca, incide parcialmente en el t\u00e9rmino municipal, constituyendo una zona con base impermeable de margas terciarias, con recubrimiento variable, seg\u00fan el cual se distinguen dos zonas:\n<p>La zona sur (Bixquert) tiene un recubrimiento de composici\u00f3n arcillosa de escaso espesor, con frecuentes afloraciones de margas, con un nivel fre\u00e1tico superficial e irregular, que posibilita la apertura de peque\u00f1os pozos de escaso caudal para servicio auxiliar de viviendas. La circulaci\u00f3n del agua es en gran medida de car\u00e1cter superficial, con formaci\u00f3n de barrancos amplios y profundos.<\/p>\n<p>La zona norte participa de las caracter\u00edsticas de la unidad del C\u00e0nyoles, con un espesor de material cuaternario m\u00e1s variable. El conjunto de la unidad ocupa aproximadamente el 35% de la superficie municipal.<\/p>\n<em>Unidad cret\u00e1cica de la Serra Grossa<\/em><br \/>\nConstituye la divisoria entre las cuencas del Albaida y el C\u00e0nyoles, con materiales con un alto grado de figuraci\u00f3n, que permite la infiltraci\u00f3n de agua a grandes profundidades (margas dolom\u00edticas, alcarenitas, biomicritas,etc.), creando una gran reserva de agua cuya descarga m\u00e1s importante se produce en los manantiales de Bell\u00fas, del cual se abastece la ciudad de X\u00e1tiva.\n<p>Los pozos abiertos en esta unidad tienen caudales importantes a grandes profundidades. El tipo de recarga de penetraci\u00f3n por fisuraci\u00f3n la hace muy vulnerable a la contaminaci\u00f3n a pesar de las grandes profundidades de almacenaje. Las reservas evaluadas a nivel comarcal son de 28 hm\u00b3, ocupando aproximadamente el 15% de la superficie municipal.<\/p>\n<em>Unidad tri\u00e1sica de la Canal de Navarr\u00e9s<\/em><br \/>\nSe sit\u00faa en la zona norte del t\u00e9rmino municipal, a ambos lados del r\u00edo Albaida. Est\u00e1 constituida por la afloraci\u00f3n superficial de material impermeables (margas y yeso Keuper), por lo que el agua tiene una circulaci\u00f3n puramente superficial con barrancos profundos y orograf\u00eda accidentada (Teixonera, Carraixet&#8230;). Ocupa aproximadamente el 10% de la superficie municipal.\n<p>Finalmente se\u00f1alar que el enclave del Realengo de la Plana se sit\u00faa sobre la unidad cret\u00e1cica del Macizo de Caroch, de similares caracter\u00edsticas que la de la Serra Grossa, pero con unas reservas m\u00e1s importante, cuyos puntos de descarga principales son los manantiales de Anna, en la Canal de Navarr\u00e9s y el del r\u00edo dels Sants, en la Costera.<\/p>\n<h6>B. EXPLOTACI\u00d3 DE RECURSOS HIDR\u00c0ULICS<\/h6>\n<p>La existencia de infraestructuras complejas de regad\u00edo y abastecimiento de agua potable en el municipio es muy antigua, con una organizaci\u00f3n de elementos b\u00e1sicos que no ha variado apenas en los \u00faltimos siglos. Los cambios m\u00e1s importantes afectan a la apertura de nuevos pozos para el reforzamiento de los caudales existentes, y la creaci\u00f3n de nuevas zonas de regad\u00edo. Estudiaremos por separado la red de acequias, los pozos y las fuentes naturales.<\/p>\n<p><strong>ACEQUIAS<\/strong><\/p>\n<strong>Acequias del r\u00edo dels Sants<\/strong><br \/>\nPr\u00e1cticamente la totalidad de las aguas del manantial dels Sants es utilizada para el riego mediante cinco acequias que se reparten el caudal. Originalmente se abastec\u00edan s\u00f3lo de las aguas que afloraban naturalmente, con el inconveniente de la variaci\u00f3n estacional del caudal total que generalmente resultaba deficitario en \u00e9pocas secas, especialmente a partir de la apertura de pozos que bajaron el nivel fre\u00e1tico general de la zona.\n<p>Casi la totalidad del agua suministrada es utilizada por las dos acequias que riegan tierras de X\u00e0tiva (20 partes sobre 24). Las otras tres riegan en municipios al oeste y tienen un caudal mucho menor: Seterres (2 partes) riega en Alc\u00fadia y Canals, Orts (1 parte) riega en Canals y Canyamars (1 parte) tambi\u00e9n en Canals.<\/p>\nLas otras dos son:<br \/>\n<em>Acequia de Ranes<\/em>: nace en Canals, deriva 9 partes del total y discurre por la margen izquierda del C\u00e0nyoles, con dos brazales principales (el de l&#8217;Alt y el de Baix) que riegan la zona occidental del municipio y parte de los t\u00e9rminos de Canals, Cerd\u00e0, La Granja de la Costera y Vall\u00e9s. El excedente vierte en la acequia de La Llosa.\n<p><em>Acequia de la Vila<\/em>: nace tambi\u00e9n en Canals, deriva 11 partes del total y cruza el C\u00e0nyoles mediante un sif\u00f3n que evita la mezcla de sus aguas, discurriendo posteriormente por la margen derecha del C\u00e0nyoles, huerta de Anahuir, Novetl\u00e8 y riega la zona delimitada entre el r\u00edo, la ciudad y la carretera del cementerio (La Vila) mediante los brazales principales de la Vila, Ters, Llidoner, Roncador y del Cego. El excedente vierte en las acequias de Meses y de Murta.<\/p>\n<p><strong>Acequias del r\u00edo C\u00e0nyoles\/strong><\/strong><\/p>\n<em>Acequia de La Llosa<\/em>:nace en un azud del r\u00edo, junto a la partida de Sagres, que hasta hace poco recog\u00eda directamente el agua del r\u00edo complementadas con varios manantiales peque\u00f1os en la margen izquierda.<br \/>\nRiega la zona de la margen izquierda del r\u00edo entre \u00e9ste y la Llosa de Ranes, mediante los brazales de les Dotze, les Cinc, Ters, Sori\u00f3, Surrac y de la Marca, hasta el Barranc de Carnicers, donde vierte el excedente y a trav\u00e9s del cual vuelve al C\u00e0nyoles.\n<p><em>Acequia de Meses<\/em>:nace en un azud situado bajo el puente de la carretera de X\u00e0tiva a Cerd\u00e0, recogiendo un tercio del caudal de los pozos de la acequia de La Llosa que se mezcla con el agua del C\u00e0nyoles. Riega toda la zona de huerta delimitada por los dos r\u00edos y la ciudad, contando con la aportaci\u00f3n de los excedentes de las acequias de La Vila y Murta. Discurre inicialmente por la margen derecha pasando junto a la antigua Papelera de San Jorge y el Mol\u00ed T\u00e0rrega con los brazales del Pintor, Albell\u00f3 Franc, Subirana, Dimecres, Dijous y Mas, que vierten sus excedentes en el r\u00edo Albaida.<\/p>\n<p><em>Acequia del Palmeral<\/em>:es una peque\u00f1a acequia que nace en un azud situado poco antes de la confluencia de los r\u00edos, regando la reducida zona del Palmeral del Carraixet entre el Alt de Requena y el r\u00edo Albaida.<\/p>\n<p><strong>Acequias del r\u00edo Albaida<\/strong><\/p>\n<p><em>Acequia de la Murta<\/em>:nace en un azud en el r\u00edo, frente a la Cova Negra, discurriendo totalmente revertida por la margen izquierda, desvi\u00e1ndose junto a la carretera de X\u00e0tiva a Gandia hasta las inmediaciones de la ciudad donde se ramifica con los brazales de Mezquita, Cremoda, Santa Ana, Cam\u00ed Estret y Cam\u00ed de Val\u00e8ncia, regando la margen izquierda del r\u00edo Albaida hasta las primeras elevaciones de Bixquert (Cam\u00ed de la Casa Sumsi) y la zona sur de Meses. El agua es buena y sus excedentes vierten en la acequia de Meses y en el r\u00edo Albaida.<\/p>\n<p><em>Acequia del Puig<\/em>:nace en un azud frente al n\u00facleo de Alboi y discurre revertida por la margen derecha del r\u00edo hasta el partidor Real de d\u00f3nde arrancan los brazales de Arenals, Bru y Albell\u00f3 que riegan la zona a los pies del Puig, vertiendo sus excedentes en la acequia de Benifurt. El brazal del Albell\u00f3 da origen a los de Terrafort de d&#8217;Alt y Terrafort de Baix, que riegan la zona hasta el r\u00edo Barxeta, donde vierten los excedentes (Br\u00fa, Terrafort, etc.).<\/p>\n<p><em>Acequia be Benifurt<\/em>: nace en un azud situado bajo el puente del ferrocarril X\u00e0tiva-Alcoi con un recorrido paralelo al r\u00edo por su margen derecha hasta llegar a la zona de Benifurt, donde se separa en los brazales de Circar, que vierte en la acequia de la Torre, y el de Levante que vierte en el barranco de Miralb\u00f3. Riega la huerta de Benifurt entre el r\u00edo Albaida y el barranco de Miralb\u00f3.<\/p>\n<p><em>Acequia de la Torre<\/em>: nace en un azud situado frente al Puig, discurriendo por la margen izquierda, y zona del Caracol, dando la vuelta al n\u00facleo de la Torre d&#8217;En Lloris. Riega la zona del Clot de la Torre para cruzar el r\u00edo de Barxeta mediante un viaducto y regar las zonas de Casa Pintada y Casas de Moll\u00e0, junto al Cabezo.<\/p>\n<em>Bibliograf\u00eda:<br \/>\nVetges T\u00fa i Mediterr\u00e0nia: PGOU, 1982<br \/>\nServicio Geogr\u00e1fico del Ej\u00e9rcito: Mapas 794-795, [1960?]<br \/>\nGran Enciclopedia de la Regi\u00f3n Valenciana, 1973<br \/>\nGeografia de les comarques valencianes, 1996<\/em>\n\n","protected":false},"excerpt":{"rendered":"<p>La existencia de agua en un territorio condiciona en gran medida los usos dominantes en cada zona y las posibilidades de evoluci\u00f3n de los n\u00facleos de poblaci\u00f3n existentes. Diferenciaremos dos aspectos: la disponibilidad de recursos, y el grado de explotaci\u00f3n actual y futuro. A. DISPONIBILIDAD DE RECURSOS HIDR\u00c1ULICOS La distribuci\u00f3n de las aguas superficiales y [&hellip;]<\/p>\n","protected":false},"author":1,"featured_media":0,"parent":15312,"menu_order":11,"comment_status":"closed","ping_status":"closed","template":"","meta":{"site-sidebar-layout":"default","site-content-layout":"","ast-site-content-layout":"default","site-content-style":"default","site-sidebar-style":"default","ast-global-header-display":"","ast-banner-title-visibility":"","ast-main-header-display":"","ast-hfb-above-header-display":"","ast-hfb-below-header-display":"","ast-hfb-mobile-header-display":"","site-post-title":"disabled","ast-breadcrumbs-content":"","ast-featured-img":"disabled","footer-sml-layout":"","ast-disable-related-posts":"","theme-transparent-header-meta":"","adv-header-id-meta":"","stick-header-meta":"","header-above-stick-meta":"","header-main-stick-meta":"","header-below-stick-meta":"","astra-migrate-meta-layouts":"default","ast-page-background-enabled":"default","ast-page-background-meta":{"desktop":{"background-color":"var(--ast-global-color-4)","background-image":"","background-repeat":"repeat","background-position":"center center","background-size":"auto","background-attachment":"scroll","background-type":"","background-media":"","overlay-type":"","overlay-color":"","overlay-opacity":"","overlay-gradient":""},"tablet":{"background-color":"","background-image":"","background-repeat":"repeat","background-position":"center center","background-size":"auto","background-attachment":"scroll","background-type":"","background-media":"","overlay-type":"","overlay-color":"","overlay-opacity":"","overlay-gradient":""},"mobile":{"background-color":"","background-image":"","background-repeat":"repeat","background-position":"center center","background-size":"auto","background-attachment":"scroll","background-type":"","background-media":"","overlay-type":"","overlay-color":"","overlay-opacity":"","overlay-gradient":""}},"ast-content-background-meta":{"desktop":{"background-color":"var(--ast-global-color-5)","background-image":"","background-repeat":"repeat","background-position":"center center","background-size":"auto","background-attachment":"scroll","background-type":"","background-media":"","overlay-type":"","overlay-color":"","overlay-opacity":"","overlay-gradient":""},"tablet":{"background-color":"var(--ast-global-color-5)","background-image":"","background-repeat":"repeat","background-position":"center center","background-size":"auto","background-attachment":"scroll","background-type":"","background-media":"","overlay-type":"","overlay-color":"","overlay-opacity":"","overlay-gradient":""},"mobile":{"background-color":"var(--ast-global-color-5)","background-image":"","background-repeat":"repeat","background-position":"center center","background-size":"auto","background-attachment":"scroll","background-type":"","background-media":"","overlay-type":"","overlay-color":"","overlay-opacity":"","overlay-gradient":""}},"footnotes":""},"class_list":["post-15084","page","type-page","status-publish","hentry"],"_links":{"self":[{"href":"https:\/\/biblioteca.xativa.es\/es\/wp-json\/wp\/v2\/pages\/15084"}],"collection":[{"href":"https:\/\/biblioteca.xativa.es\/es\/wp-json\/wp\/v2\/pages"}],"about":[{"href":"https:\/\/biblioteca.xativa.es\/es\/wp-json\/wp\/v2\/types\/page"}],"author":[{"embeddable":true,"href":"https:\/\/biblioteca.xativa.es\/es\/wp-json\/wp\/v2\/users\/1"}],"replies":[{"embeddable":true,"href":"https:\/\/biblioteca.xativa.es\/es\/wp-json\/wp\/v2\/comments?post=15084"}],"version-history":[{"count":0,"href":"https:\/\/biblioteca.xativa.es\/es\/wp-json\/wp\/v2\/pages\/15084\/revisions"}],"up":[{"embeddable":true,"href":"https:\/\/biblioteca.xativa.es\/es\/wp-json\/wp\/v2\/pages\/15312"}],"wp:attachment":[{"href":"https:\/\/biblioteca.xativa.es\/es\/wp-json\/wp\/v2\/media?parent=15084"}],"curies":[{"name":"wp","href":"https:\/\/api.w.org\/{rel}","templated":true}]}}