{"id":15082,"date":"2022-01-20T22:15:39","date_gmt":"2022-01-20T22:15:39","guid":{"rendered":"https:\/\/desarrollo1.mibbo.es\/el-clima\/"},"modified":"2022-05-19T09:34:04","modified_gmt":"2022-05-19T09:34:04","slug":"el-clima","status":"publish","type":"page","link":"https:\/\/biblioteca.xativa.es\/es\/geografia\/el-clima\/","title":{"rendered":"El clima"},"content":{"rendered":"\n\n\n\t<p>Est\u00e1 definido por las estad\u00edsticas, a largo plazo, de par\u00e1metros como presi\u00f3n, temperaturas, humedad, viento, precipitaciones&#8230;<\/p>\n<strong>TEMPERATURAS<\/strong><br \/>\nLos datos se han obtenido a partir de la base de datos del Instituto Nacional de Meteorolog\u00eda, en las estaciones pr\u00f3ximas a la ciudad de X\u00e0tiva (estaci\u00f3n de X\u00e0tiva, estaci\u00f3n del Realenc, estaci\u00f3n de Coaxa y estaci\u00f3n de Ontinyent). Los valores obtenidos se han distribuido en un a\u00f1o hipot\u00e9tico a partir de las observaciones obtenidas en un per\u00edodo de 30 a\u00f1os (1956-1986).\n\t\t\t\t<img loading=\"lazy\" decoding=\"async\" src=\"http:\/\/biblioteca.xativa.es\/wp-content\/uploads\/2022\/03\/1.4-tabla.jpg\" alt=\"Tabla de temperaturas\" itemprop=\"image\" height=\"302\" width=\"589\" title=\"Tabla de temperaturas\" onerror=\"this.style.display='none'\"  \/>\n\t\tTabla de temperaturas\n\t<p>&nbsp;<\/p>\n<p>\u00a0<\/p>\n<strong>PRECIPITACIONES<\/strong><br \/>\nSon, adem\u00e1s de la temperatura, el factor ecol\u00f3gico m\u00e1s importante que condiciona la distribuci\u00f3n, riqueza y diversidad biol\u00f3gicas. No solo es conveniente conocer la cantidad total de precipitaciones en un a\u00f1o, sino tambi\u00e9n c\u00f3mo se distribuye esta lluvia a lo largo del mismo. Los datos expresan las medias mensuales de precipitaci\u00f3n recogidas en un per\u00edodo de 30 a\u00f1os.\n<p>F\u00e1cilmente se puede apreciar c\u00f3mo el r\u00e9gimen de precipitaciones se define por su irregularidad y escasez. A lo largo del a\u00f1o se producen dos extremos de m\u00e1xima precipitaci\u00f3n: uno en oto\u00f1o y otro invernal, produci\u00e9ndose a veces un pico primaveral. Esta abundancia de precipitaciones en algunos d\u00edas de estos meses va seguida de un per\u00edodo de estiaje extremado, con precipitaciones escasas o nulas. Lo mismo sucede el mes de julio.<\/p>\nConviene resaltar que la escasez de precipitaciones durante largos per\u00edodos de tiempo redunda negativamente en el descenso de los recursos de aguas subterr\u00e1neas disponibles. El nivel de estas aguas depende directamente, al menos en nuestra zona, de la cantidad de precipitaciones retenidas por el suelo y la cobertura vegetal. La escasez de precipitaciones de unos a\u00f1os quedar\u00eda compensada por la abundancia de otros. Pero son dos hechos fundamentales los que agravan y condicionan la carest\u00eda de agua disponible:<br \/>\n1. La escasa cobertura vegetal de la cuenca y de la Serra Grossa, con el consecuente aumento de la escorrent\u00eda superficial.<br \/>\n2. La sobreexplotaci\u00f3n de los acu\u00edferos como consecuencia de la escasez de agua y asimismo de las transformaciones agr\u00edcolas irracionales y aterrazamientos de las vertientes de las monta\u00f1as.\n<p>&nbsp;<\/p>\n\t\t\t\t<img loading=\"lazy\" decoding=\"async\" src=\"http:\/\/biblioteca.xativa.es\/wp-content\/uploads\/2022\/03\/1.4-precipitaciones.img_assist_custom-450x337-1.jpg\" alt=\"Gr\u00e1fico de precipitaciones\" itemprop=\"image\" height=\"337\" width=\"450\" title=\"Gr\u00e1fico de precipitaciones\" onerror=\"this.style.display='none'\"  \/>\n\t\tGr\u00e1fico de precipitaciones\n\t<strong>CLASSIFICACI\u00d3N CLIM\u00c0TICA<\/strong><br \/>\nTanto de la clasificaci\u00f3n del \u00edndice termopluviom\u00e9trico de Dant\u00edn-Revenga como de los obtenidos del \u00edndice de Emberger se puede deducir que nos encontramos en una zona semi\u00e1rida.\n<p>El climodiagrama m\u00e1s empleado es el de Walter-Gaussen o diagrama ombrot\u00e9rmico, donde se reflejan precipitaciones y temperaturas medias mensuales.<\/p>\n<p>La precipitaci\u00f3n media anual de la zona de X\u00e0tiva es de 688,7 mm, por lo que, por las lluvias, queda enmarcada dentro del ombroclima subh\u00famedo. Muchas plantas son buenos indicadores bioclim\u00e1ticos. Por ello, existe una clasificaci\u00f3n en funci\u00f3n de las comunidades vegetales existentes en las zonas y de su composici\u00f3n flor\u00edstica. En la regi\u00f3n mediterr\u00e1nea se pueden reconocer los siguientes pisos bioclim\u00e1ticos: termomediterr\u00e1neo, mesomediterr\u00e1neo, supramediterr\u00e1neo, oromediterr\u00e1neo y criomediterr\u00e1neo.<\/p>\n<p>X\u00e0tiva, en cuanto a la temperatura, quedar\u00eda enmarcada dentro del piso termomediterr\u00e1neo, cuyas caracter\u00edsticas son: temperatura media anual 16\u00ba; temperatura media anual de las m\u00e1ximas del mes m\u00e1s fr\u00edo 13\u00ba ; temperatura media de las m\u00ednimas del mes m\u00e1s fr\u00edo 9\u00ba ; media de las m\u00ednimas absolutas del mes m\u00e1s fr\u00edo -3 ; meses en que estad\u00edsticamente son posibles las heladas: febrero y diciembre.<\/p>\n<p>La especie m\u00e1s caracter\u00edstica del piso termomediterr\u00e1neo es el Chamaerops humilis (palmito o margall\u00f3), lo cual confirma el car\u00e1cter c\u00e1lido del terreno donde se asienta.<\/p>\n<em>Fuente: VERA CH\u00c1FER, Josep y Joan PEDROLA MONFORT: \u00abEstudi ecol\u00f2gic del riu Alboi. Bases per a la seua conservaci\u00f3\u00bb, Papers de la Costera, 6 (1989), p. 9-19<br \/>\nEl \u00abAtlas Clim\u00e1tico de la Comunidad Valenciana\u00bb, editado por la Conselleria de Obras P\u00fablicas, Urbanismo y Transportes, Direcci\u00f3n General de Urbanismo (1994), incluye el t\u00e9rmino municipal de X\u00e0tiva en el dominio clim\u00e1tico denominado franja de transici\u00f3n. El Mapa Geocient\u00edfico, a su vez, califica el clima de la comarca de la Costera, en general, como mesomediterr\u00e1neo, seco\/subh\u00famedo.<\/em>\n<p>Se trata pues de un clima que presenta caracter\u00edsticas intermedias entre el propio de la llanura litoral septentrional, de temperaturas moderadas, oscilaci\u00f3n t\u00e9rmica escasa, elevada humedad relativa en los meses de calor y un m\u00e1ximo de precipitaciones en oto\u00f1o; y los de las comarcas interiores, de mayor sequedad, si bien este par\u00e1metro es muy variable a lo largo de la franja, y oscilaciones t\u00e9rmicas m\u00e1s amplias.<\/p>\n<p>As\u00ed, en efecto, con respecto a la llanura litoral, se observa cierta tendencia al equilibrio en las precipitaciones estacionales, y un significativo aumento de la amplitud t\u00e9rmica, que, junto a factores espec\u00edficos de car\u00e1cter local, dan lugar, por ejemplo, a temperaturas m\u00e1ximas especialmente elevadas en la ciudad de X\u00e0tiva durante los meses de verano.<\/p>\n<p>El \u00abMapa de riesgo de da\u00f1os por fr\u00edo de las \u00e1reas citr\u00edcolas de la Comunidad Valenciana\u00bb (1989), editado por la Conselleria de Agricultura y Pesca, finalmente identifica hasta cuatro zonas de microclima diferenciado en el \u00e1mbito del t\u00e9rmino municipal. Seg\u00fan este documento pues habr\u00eda que distinguir las siguientes grandes \u00e1reas en las que las variables de reconocimiento clim\u00e1tico presentan caracteres de comportamiento singularizables, a saber:<\/p>\n<p><strong>Zona c\u00e1lida m\u00e9dia<\/strong>: \u00e1rea resguardada del fr\u00edo con riesgo bajo de heladas, si bien \u00e9stas pueden producirse aunque dando lugar a da\u00f1os en las cosechas que ser\u00e1n de poca consideraci\u00f3n. Se localiza en el extremo norte del t\u00e9rmino municipal, al oeste de la carretera CC-3320 (Alzira) y en una estrecha franja situada entre los meandros del r\u00edo Albaida y la carretera N-332 (Genov\u00e9s), al sur del t\u00e9rmino municipal.<\/p>\n<p><strong>Zona m\u00e9dia c\u00e1lida<\/strong>: compr\u00e9n aquells llocs intermedis que solen patir descensos termom\u00e8trics inferiors a zero graus, encara que els danys que es produeixen no s\u00f3n massa greus. Es localitza entre el llit del riu C\u00e0nyoles i una l\u00ednia que al nord del nucli urb\u00e0 s&#8217;identifica amb la tra\u00e7a del ferrocarril de Val\u00e8ncia a La Encina i al sud d&#8217;este, amb els peus de muntanya de la Serra de Vernissa.<\/p>\n<p><strong>Zona mitjana freda<\/strong>: comprende aquellos lugares intermedios que suelen sufrir descensos termom\u00e9tricos inferiores a cero grados, aunque los da\u00f1os que se producen no son demasiado graves. Se localiza entre el cauce del r\u00edo C\u00e1nyoles y una l\u00ednea que al norte del casco urbano se identifica con la traza del ferrocarril de Valencia a La Encina y al sur de \u00e9ste, con los pies de monte de la sierra de Vernissa.<\/p>\n<p><strong>Zona fr\u00eda media<\/strong>:  zonas en las que siempre se producen situaciones de heladas con efectos graves sobre las cosechas, por no estar resguardadas de los vientos del Norte ni permitir su topograf\u00eda la evacuaci\u00f3n de aire fr\u00edo en el caso de heladas de irradiaci\u00f3n. Comprende lo que resta de t\u00e9rmino municipal al Norte del r\u00edo C\u00e1nyoles y al Oeste del r\u00edo Albaida y la depresi\u00f3n de Bixquert, entre la sierras de Vernissa y del Castell y la Serra Grossa.<\/p>\n<p><em>Fuente: PGOU, 2001<\/em><\/p>\n\n","protected":false},"excerpt":{"rendered":"<p>Est\u00e1 definido por las estad\u00edsticas, a largo plazo, de par\u00e1metros como presi\u00f3n, temperaturas, humedad, viento, precipitaciones&#8230; TEMPERATURAS Los datos se han obtenido a partir de la base de datos del Instituto Nacional de Meteorolog\u00eda, en las estaciones pr\u00f3ximas a la ciudad de X\u00e0tiva (estaci\u00f3n de X\u00e0tiva, estaci\u00f3n del Realenc, estaci\u00f3n de Coaxa y estaci\u00f3n de [&hellip;]<\/p>\n","protected":false},"author":1,"featured_media":0,"parent":15312,"menu_order":10,"comment_status":"closed","ping_status":"closed","template":"","meta":{"site-sidebar-layout":"default","site-content-layout":"","ast-site-content-layout":"default","site-content-style":"default","site-sidebar-style":"default","ast-global-header-display":"","ast-banner-title-visibility":"","ast-main-header-display":"","ast-hfb-above-header-display":"","ast-hfb-below-header-display":"","ast-hfb-mobile-header-display":"","site-post-title":"disabled","ast-breadcrumbs-content":"","ast-featured-img":"disabled","footer-sml-layout":"","ast-disable-related-posts":"","theme-transparent-header-meta":"","adv-header-id-meta":"","stick-header-meta":"","header-above-stick-meta":"","header-main-stick-meta":"","header-below-stick-meta":"","astra-migrate-meta-layouts":"default","ast-page-background-enabled":"default","ast-page-background-meta":{"desktop":{"background-color":"var(--ast-global-color-4)","background-image":"","background-repeat":"repeat","background-position":"center center","background-size":"auto","background-attachment":"scroll","background-type":"","background-media":"","overlay-type":"","overlay-color":"","overlay-opacity":"","overlay-gradient":""},"tablet":{"background-color":"","background-image":"","background-repeat":"repeat","background-position":"center center","background-size":"auto","background-attachment":"scroll","background-type":"","background-media":"","overlay-type":"","overlay-color":"","overlay-opacity":"","overlay-gradient":""},"mobile":{"background-color":"","background-image":"","background-repeat":"repeat","background-position":"center center","background-size":"auto","background-attachment":"scroll","background-type":"","background-media":"","overlay-type":"","overlay-color":"","overlay-opacity":"","overlay-gradient":""}},"ast-content-background-meta":{"desktop":{"background-color":"var(--ast-global-color-5)","background-image":"","background-repeat":"repeat","background-position":"center center","background-size":"auto","background-attachment":"scroll","background-type":"","background-media":"","overlay-type":"","overlay-color":"","overlay-opacity":"","overlay-gradient":""},"tablet":{"background-color":"var(--ast-global-color-5)","background-image":"","background-repeat":"repeat","background-position":"center center","background-size":"auto","background-attachment":"scroll","background-type":"","background-media":"","overlay-type":"","overlay-color":"","overlay-opacity":"","overlay-gradient":""},"mobile":{"background-color":"var(--ast-global-color-5)","background-image":"","background-repeat":"repeat","background-position":"center center","background-size":"auto","background-attachment":"scroll","background-type":"","background-media":"","overlay-type":"","overlay-color":"","overlay-opacity":"","overlay-gradient":""}},"footnotes":""},"class_list":["post-15082","page","type-page","status-publish","hentry"],"_links":{"self":[{"href":"https:\/\/biblioteca.xativa.es\/es\/wp-json\/wp\/v2\/pages\/15082"}],"collection":[{"href":"https:\/\/biblioteca.xativa.es\/es\/wp-json\/wp\/v2\/pages"}],"about":[{"href":"https:\/\/biblioteca.xativa.es\/es\/wp-json\/wp\/v2\/types\/page"}],"author":[{"embeddable":true,"href":"https:\/\/biblioteca.xativa.es\/es\/wp-json\/wp\/v2\/users\/1"}],"replies":[{"embeddable":true,"href":"https:\/\/biblioteca.xativa.es\/es\/wp-json\/wp\/v2\/comments?post=15082"}],"version-history":[{"count":0,"href":"https:\/\/biblioteca.xativa.es\/es\/wp-json\/wp\/v2\/pages\/15082\/revisions"}],"up":[{"embeddable":true,"href":"https:\/\/biblioteca.xativa.es\/es\/wp-json\/wp\/v2\/pages\/15312"}],"wp:attachment":[{"href":"https:\/\/biblioteca.xativa.es\/es\/wp-json\/wp\/v2\/media?parent=15082"}],"curies":[{"name":"wp","href":"https:\/\/api.w.org\/{rel}","templated":true}]}}