{"id":15038,"date":"2022-04-12T12:13:03","date_gmt":"2022-04-12T12:13:03","guid":{"rendered":"https:\/\/desarrollo1.mibbo.es\/renovacion-de-prestamo\/"},"modified":"2022-05-17T08:03:15","modified_gmt":"2022-05-17T08:03:15","slug":"renovacion-de-prestamo","status":"publish","type":"page","link":"https:\/\/biblioteca.xativa.es\/es\/servicios\/renovacion-de-prestamo\/","title":{"rendered":"Renovaci\u00f3n de pr\u00e9stamo"},"content":{"rendered":"\n\n\n\t<p>Para renovar el pr\u00e9stamo hay que introducir el n\u00famero de lector en el campo <strong>carnet<\/strong>. Lo encontrareis debajo del c\u00f3digo de barras. En <strong>contrase\u00f1a<\/strong> escribid los cuatro d\u00edgitos que os habr\u00e1 facilitado vuestra Biblioteca. Pinchad en <strong>Conectar<\/strong>. En la nueva ventana que ahora aparece, dentro de <strong>Mi biblioteca<\/strong>, hay que marcar la casilla de los libros que quer\u00e9is <strong>renovar<\/strong>. Esperad hasta que os proporcione una nueva fecha de devoluci\u00f3n y no olvid\u00e9is anotarla.<\/p>\n\t\t\t<a href=\"https:\/\/xlpv.gva.es\/cginet-bin\/abnetop\/O7658\/ID6266285b?ACC=101\" target=\"_blank\" role=\"button\" rel=\"noopener\">\n\t\t\t\t\t\t\tm\u00e1s informaci\u00f3n\n\t\t\t\t\t<\/a>\n\n","protected":false},"excerpt":{"rendered":"<p>Para renovar el pr\u00e9stamo hay que introducir el n\u00famero de lector en el campo carnet. Lo encontrareis debajo del c\u00f3digo de barras. En contrase\u00f1a escribid los cuatro d\u00edgitos que os habr\u00e1 facilitado vuestra Biblioteca. Pinchad en Conectar. En la nueva ventana que ahora aparece, dentro de Mi biblioteca, hay que marcar la casilla de los [&hellip;]<\/p>\n","protected":false},"author":1,"featured_media":0,"parent":15224,"menu_order":0,"comment_status":"closed","ping_status":"closed","template":"","meta":{"site-sidebar-layout":"default","site-content-layout":"","ast-site-content-layout":"default","site-content-style":"default","site-sidebar-style":"default","ast-global-header-display":"","ast-banner-title-visibility":"","ast-main-header-display":"","ast-hfb-above-header-display":"","ast-hfb-below-header-display":"","ast-hfb-mobile-header-display":"","site-post-title":"disabled","ast-breadcrumbs-content":"","ast-featured-img":"","footer-sml-layout":"","ast-disable-related-posts":"","theme-transparent-header-meta":"","adv-header-id-meta":"","stick-header-meta":"","header-above-stick-meta":"","header-main-stick-meta":"","header-below-stick-meta":"","astra-migrate-meta-layouts":"default","ast-page-background-enabled":"default","ast-page-background-meta":{"desktop":{"background-color":"var(--ast-global-color-4)","background-image":"","background-repeat":"repeat","background-position":"center center","background-size":"auto","background-attachment":"scroll","background-type":"","background-media":"","overlay-type":"","overlay-color":"","overlay-opacity":"","overlay-gradient":""},"tablet":{"background-color":"","background-image":"","background-repeat":"repeat","background-position":"center center","background-size":"auto","background-attachment":"scroll","background-type":"","background-media":"","overlay-type":"","overlay-color":"","overlay-opacity":"","overlay-gradient":""},"mobile":{"background-color":"","background-image":"","background-repeat":"repeat","background-position":"center center","background-size":"auto","background-attachment":"scroll","background-type":"","background-media":"","overlay-type":"","overlay-color":"","overlay-opacity":"","overlay-gradient":""}},"ast-content-background-meta":{"desktop":{"background-color":"var(--ast-global-color-5)","background-image":"","background-repeat":"repeat","background-position":"center center","background-size":"auto","background-attachment":"scroll","background-type":"","background-media":"","overlay-type":"","overlay-color":"","overlay-opacity":"","overlay-gradient":""},"tablet":{"background-color":"var(--ast-global-color-5)","background-image":"","background-repeat":"repeat","background-position":"center center","background-size":"auto","background-attachment":"scroll","background-type":"","background-media":"","overlay-type":"","overlay-color":"","overlay-opacity":"","overlay-gradient":""},"mobile":{"background-color":"var(--ast-global-color-5)","background-image":"","background-repeat":"repeat","background-position":"center center","background-size":"auto","background-attachment":"scroll","background-type":"","background-media":"","overlay-type":"","overlay-color":"","overlay-opacity":"","overlay-gradient":""}},"footnotes":""},"class_list":["post-15038","page","type-page","status-publish","hentry"],"_links":{"self":[{"href":"https:\/\/biblioteca.xativa.es\/es\/wp-json\/wp\/v2\/pages\/15038"}],"collection":[{"href":"https:\/\/biblioteca.xativa.es\/es\/wp-json\/wp\/v2\/pages"}],"about":[{"href":"https:\/\/biblioteca.xativa.es\/es\/wp-json\/wp\/v2\/types\/page"}],"author":[{"embeddable":true,"href":"https:\/\/biblioteca.xativa.es\/es\/wp-json\/wp\/v2\/users\/1"}],"replies":[{"embeddable":true,"href":"https:\/\/biblioteca.xativa.es\/es\/wp-json\/wp\/v2\/comments?post=15038"}],"version-history":[{"count":0,"href":"https:\/\/biblioteca.xativa.es\/es\/wp-json\/wp\/v2\/pages\/15038\/revisions"}],"up":[{"embeddable":true,"href":"https:\/\/biblioteca.xativa.es\/es\/wp-json\/wp\/v2\/pages\/15224"}],"wp:attachment":[{"href":"https:\/\/biblioteca.xativa.es\/es\/wp-json\/wp\/v2\/media?parent=15038"}],"curies":[{"name":"wp","href":"https:\/\/api.w.org\/{rel}","templated":true}]}}