{"id":15017,"date":"2022-04-12T20:01:07","date_gmt":"2022-04-12T20:01:07","guid":{"rendered":"https:\/\/desarrollo1.mibbo.es\/espacios\/"},"modified":"2022-06-29T16:28:05","modified_gmt":"2022-06-29T16:28:05","slug":"espacios","status":"publish","type":"page","link":"https:\/\/biblioteca.xativa.es\/es\/la-biblioteca\/espacios\/","title":{"rendered":"Espacios"},"content":{"rendered":"\n\n<h1>\n\t\tEspacios\n\t<\/h1>\n\t<p>La Biblioteca P\u00fablica Municipal de X\u00e0tiva es un espacio concebido para la lectura, el estudio y la investigaci\u00f3n, as\u00ed como para la realizaci\u00f3n de diferentes actividades relacionadas con el fomento lector.<\/p>\n\t\t\t<a href=\"#sala-adults\" target=\"_self\" role=\"button\" rel=\"noopener\">\n\t\t\t\t\t\t\tSala de adultos\n\t\t\t\t\t<\/a>\n\t\t\t<a href=\"#sala-infantil\" target=\"_self\" role=\"button\" rel=\"noopener\">\n\t\t\t\t\t\t\tSala infantil\n\t\t\t\t\t<\/a>\n<h2>\n\t\tSala de adultos\n\t<\/h2>\n\t<p>En esta sala, ubicada en la tercera planta del edificio, podemos encontrar los siguientes servicios: pr\u00e9stamo, consulta en sala, informaci\u00f3n y referencia, hemeroteca y acceso gratuito a internet ya sea con un dispositivo m\u00f3vil  a trav\u00e9s  de wifi o de los ordenadores que tenemos en la sala.<\/p>\n\t\t\t\t<img loading=\"lazy\" decoding=\"async\" src=\"https:\/\/biblioteca.xativa.es\/wp-content\/uploads\/2022\/02\/DSF0851.jpg\" alt=\"_DSF0851\" itemprop=\"image\" height=\"1280\" width=\"1920\" title=\"_DSF0851\" onerror=\"this.style.display='none'\"  \/>\n<h2>\n\t\tSala infantil\n\t<\/h2>\n\t<p>En la sala infantil, ubicada en la segunda planta del edificio, ofrecemos servicio de pr\u00e9stamo, lectura y consulta en sala, informaci\u00f3n y acceso gratuito a internet, a trav\u00e9s de wifi y de los ordenadores para uso del p\u00fablico infantil\/juvenil que tenemos en la sala. Disponemos de una zona de lectura y esparcimiento para nuestros usuarios m\u00e1s j\u00f3venes con cojines para poder sentarse en el suelo si as\u00ed lo desean y leer c\u00f3modamente.<\/p>\n\t\t\t\t<img loading=\"lazy\" decoding=\"async\" src=\"https:\/\/biblioteca.xativa.es\/wp-content\/uploads\/2022\/03\/infantil-thumb.jpg\" alt=\"infantil-thumb\" itemprop=\"image\" height=\"1280\" width=\"1920\" title=\"infantil-thumb\" onerror=\"this.style.display='none'\"  \/>\n\n","protected":false},"excerpt":{"rendered":"<p>Espacios La Biblioteca P\u00fablica Municipal de X\u00e0tiva es un espacio concebido para la lectura, el estudio y la investigaci\u00f3n, as\u00ed como para la realizaci\u00f3n de diferentes actividades relacionadas con el fomento lector. Sala de adultos Sala infantil Sala de adultos En esta sala, ubicada en la tercera planta del edificio, podemos encontrar los siguientes servicios: [&hellip;]<\/p>\n","protected":false},"author":1,"featured_media":0,"parent":15231,"menu_order":20,"comment_status":"closed","ping_status":"closed","template":"","meta":{"site-sidebar-layout":"default","site-content-layout":"","ast-site-content-layout":"default","site-content-style":"default","site-sidebar-style":"default","ast-global-header-display":"","ast-banner-title-visibility":"","ast-main-header-display":"","ast-hfb-above-header-display":"","ast-hfb-below-header-display":"","ast-hfb-mobile-header-display":"","site-post-title":"disabled","ast-breadcrumbs-content":"","ast-featured-img":"disabled","footer-sml-layout":"","ast-disable-related-posts":"","theme-transparent-header-meta":"","adv-header-id-meta":"","stick-header-meta":"","header-above-stick-meta":"","header-main-stick-meta":"","header-below-stick-meta":"","astra-migrate-meta-layouts":"default","ast-page-background-enabled":"default","ast-page-background-meta":{"desktop":{"background-color":"var(--ast-global-color-4)","background-image":"","background-repeat":"repeat","background-position":"center center","background-size":"auto","background-attachment":"scroll","background-type":"","background-media":"","overlay-type":"","overlay-color":"","overlay-opacity":"","overlay-gradient":""},"tablet":{"background-color":"","background-image":"","background-repeat":"repeat","background-position":"center center","background-size":"auto","background-attachment":"scroll","background-type":"","background-media":"","overlay-type":"","overlay-color":"","overlay-opacity":"","overlay-gradient":""},"mobile":{"background-color":"","background-image":"","background-repeat":"repeat","background-position":"center center","background-size":"auto","background-attachment":"scroll","background-type":"","background-media":"","overlay-type":"","overlay-color":"","overlay-opacity":"","overlay-gradient":""}},"ast-content-background-meta":{"desktop":{"background-color":"var(--ast-global-color-5)","background-image":"","background-repeat":"repeat","background-position":"center center","background-size":"auto","background-attachment":"scroll","background-type":"","background-media":"","overlay-type":"","overlay-color":"","overlay-opacity":"","overlay-gradient":""},"tablet":{"background-color":"var(--ast-global-color-5)","background-image":"","background-repeat":"repeat","background-position":"center center","background-size":"auto","background-attachment":"scroll","background-type":"","background-media":"","overlay-type":"","overlay-color":"","overlay-opacity":"","overlay-gradient":""},"mobile":{"background-color":"var(--ast-global-color-5)","background-image":"","background-repeat":"repeat","background-position":"center center","background-size":"auto","background-attachment":"scroll","background-type":"","background-media":"","overlay-type":"","overlay-color":"","overlay-opacity":"","overlay-gradient":""}},"footnotes":""},"class_list":["post-15017","page","type-page","status-publish","hentry"],"_links":{"self":[{"href":"https:\/\/biblioteca.xativa.es\/es\/wp-json\/wp\/v2\/pages\/15017"}],"collection":[{"href":"https:\/\/biblioteca.xativa.es\/es\/wp-json\/wp\/v2\/pages"}],"about":[{"href":"https:\/\/biblioteca.xativa.es\/es\/wp-json\/wp\/v2\/types\/page"}],"author":[{"embeddable":true,"href":"https:\/\/biblioteca.xativa.es\/es\/wp-json\/wp\/v2\/users\/1"}],"replies":[{"embeddable":true,"href":"https:\/\/biblioteca.xativa.es\/es\/wp-json\/wp\/v2\/comments?post=15017"}],"version-history":[{"count":0,"href":"https:\/\/biblioteca.xativa.es\/es\/wp-json\/wp\/v2\/pages\/15017\/revisions"}],"up":[{"embeddable":true,"href":"https:\/\/biblioteca.xativa.es\/es\/wp-json\/wp\/v2\/pages\/15231"}],"wp:attachment":[{"href":"https:\/\/biblioteca.xativa.es\/es\/wp-json\/wp\/v2\/media?parent=15017"}],"curies":[{"name":"wp","href":"https:\/\/api.w.org\/{rel}","templated":true}]}}