{"id":14432,"date":"2022-01-20T22:04:18","date_gmt":"2022-01-20T22:04:18","guid":{"rendered":"https:\/\/desarrollo1.mibbo.es\/?page_id=14432"},"modified":"2022-05-13T11:11:12","modified_gmt":"2022-05-13T11:11:12","slug":"el-fondo-antiguo-de-la-biblioteca","status":"publish","type":"page","link":"https:\/\/biblioteca.xativa.es\/es\/el-fondo-antiguo-de-la-biblioteca\/","title":{"rendered":"El fondo antiguo de la biblioteca"},"content":{"rendered":"\n\n\n\t<p>Una de las secciones de mayor inter\u00e9s de nuestra biblioteca es su Fondo Antiguo, constituido por 4000 obras impresas entre los siglos XVII y primer tercio del XX. La incorporaci\u00f3n a ella de otras bibliotecas existentes anteriormente (Biblioteca Popular de la Segunda Rep\u00fablica, Biblioteca del Ateneo Popular, Biblioteca M\u00e9dica del Antiguo Hospital Municipal, etc.) o de numerosas donaciones particulares (familias Roca, Sanchis, Artigues, Reig, Lemos, etc.) han creado un valioso fondo bibliogr\u00e1fico, del que son muestra los ejemplos que vemos a continuaci\u00f3n, y que formaron parte de la exposici\u00f3n \u00abEl Fondo Antiguo a la Biblioteca Municipal\u00bb (Casa de Cultura, abril y mayo de 2002).<\/p>\n\t\t\t\t<img decoding=\"async\" src=\"https:\/\/biblioteca.xativa.es\/wp-content\/uploads\/2022\/02\/il1.img_assist_custom-274x350-1.jpg\" alt=\"Detall del frontispici de Roma sotterranea (Roma, Gugliemo Facciotti, 1632), obra de l&#039;eclesi\u00e0stic Antonio Bossio. Aquest rar\u00edssim llibre d&#039;antiguitats cristianes cont\u00e9 m\u00e9s de mig miler de bell\u00edssims gravats calcogr\u00e0fics de marcat sabor renaixentista.\" title=\"il1.img_assist_custom-274x350\" itemprop=\"image\"\/>\n\t<p>Detalle del frontispicio de <em>Roma sotterranea<\/em> (Roma, Gugliemo Facciotti, 1632), obra del eclesi\u00e1stico Antonio Bossio. Este rar\u00edsimo libro de antig\u00fcedades cristianas contiene m\u00e1s de medio millar de bell\u00edsimos grabados calcogr\u00e1ficos de un marcado sabor renacentista.<\/p>\n\t\t\t\t<img decoding=\"async\" src=\"https:\/\/biblioteca.xativa.es\/wp-content\/uploads\/2022\/02\/il2.img_assist_custom-246x350-1.jpg\" alt=\"il2.img_assist_custom-246x350\" title=\"il2.img_assist_custom-246x350\" itemprop=\"image\"\/>\n\t<p><em>Tractatus de effectibus immemorialis praescriptionis et consuetudinis<\/em> (Valencia, Francisco Mestre, 1690) es obra del jurisconsulto setabense Joan Baptista Trobat (1633-1701). Este libro fue recuperado por Sarthou de una papelera en 1937.<\/p>\n\t\t\t\t<img decoding=\"async\" src=\"https:\/\/biblioteca.xativa.es\/wp-content\/uploads\/2022\/02\/il3.img_assist_custom-248x350-1.jpg\" alt=\"il3.img_assist_custom-248x350\" title=\"il3.img_assist_custom-248x350\" itemprop=\"image\"\/>\n\t<p>La\u00a0<em>Historia general de Espa\u00f1a<\/em>, del padre Juan de Mariana, es la obra de mayor envergadura de Benito Monfort, uno de los mejores impresores valencianos. Con preciosa composici\u00f3n tipogr\u00e1fica y bellos grabados iniciales fue impresa entre 1783 y 1796.<\/p>\n\t\t\t\t<img decoding=\"async\" src=\"https:\/\/biblioteca.xativa.es\/wp-content\/uploads\/2022\/02\/il4.img_assist_custom-267x350-1.jpg\" alt=\"il4.img_assist_custom-267x350\" title=\"il4.img_assist_custom-267x350\" itemprop=\"image\"\/>\n\t<p>Grabado del frontispicio de la obra <em>Introducci\u00f3n a la Sagrada Escritura<\/em> (Madrid, Benito Cano, 1795), de Bernard Lamy. El clasicismo del per\u00edodo se muestra incluso en la ilustraci\u00f3n de los libros religiosos, como este delicado grabado en talla dulce.<\/p>\n\t\t\t\t<img decoding=\"async\" src=\"https:\/\/biblioteca.xativa.es\/wp-content\/uploads\/2022\/02\/il5.img_assist_custom-248x350-1.jpg\" alt=\"il5.img_assist_custom-248x350\" title=\"il5.img_assist_custom-248x350\" itemprop=\"image\"\/>\n\t<p>Portada de la primera edici\u00f3n (1803) de la\u00a0<em>Tachigraf\u00eda castellana<\/em>, del setabense Francisco de Paula Mart\u00ed (1761-1827), con un bello grabado realizado por \u00e9l mismo alusivo a la celeridad del m\u00e9todo taquigr\u00e1fico.<\/p>\n\t\t\t\t<img decoding=\"async\" src=\"https:\/\/biblioteca.xativa.es\/wp-content\/uploads\/2022\/02\/il6.img_assist_custom-227x350-1.jpg\" alt=\"il6.img_assist_custom-227x350\" title=\"il6.img_assist_custom-227x350\" itemprop=\"image\"\/>\n\t<p>Durante el segundo tercio del siglo XIX adquiri\u00f3 importancia la encuadernaci\u00f3n\u00a0<em>a la catedral<\/em>, en la que se estampa en seco sobre la piel\u00a0<em>(gofrado)<\/em>\u00a0motivos g\u00f3ticos propios de la est\u00e9tica del Romanticismo.<\/p>\n\t\t\t\t<img decoding=\"async\" src=\"https:\/\/biblioteca.xativa.es\/wp-content\/uploads\/2022\/02\/il7.img_assist_custom-248x350-1.jpg\" alt=\"il7.img_assist_custom-248x350\" title=\"il7.img_assist_custom-248x350\" itemprop=\"image\"\/>\n\t<p>La xilograf\u00eda con la t\u00e9cnica a\u00a0<em>contrafibra<\/em>\u00a0adquiri\u00f3 gran importancia a lo largo del siglo XIX , sobre todo para los temas costumbristas y sat\u00edricos, como los que el\u00a0<em>Semanario Pintoresco Espa\u00f1ol<\/em>\u00a0public\u00f3 entre 1836 y 1857.<\/p>\n\t\t\t\t<img decoding=\"async\" src=\"https:\/\/biblioteca.xativa.es\/wp-content\/uploads\/2022\/02\/il8.img_assist_custom-247x350-1.jpg\" alt=\"il8.img_assist_custom-247x350\" title=\"il8.img_assist_custom-247x350\" itemprop=\"image\"\/>\n\t<p>La editorial espa\u00f1ola m\u00e1s importante de finales del siglo XIX fue la barcelonesa Montaner y Sim\u00f3n. Una de las obras que public\u00f3 fue\u00a0<em>La Creaci\u00f3n. Historia natural<\/em> (1872-1876), de la que observamos la cromolitograf\u00eda de la anteportada.<\/p>\n\t\t\t\t<img decoding=\"async\" src=\"https:\/\/biblioteca.xativa.es\/wp-content\/uploads\/2022\/02\/il9.img_assist_custom-242x350-1.jpg\" alt=\"il9.img_assist_custom-242x350\" title=\"il9.img_assist_custom-242x350\" itemprop=\"image\"\/>\n\t<p>La creciente producci\u00f3n editorial y la necesidad de realizar libros a precios m\u00e1s econ\u00f3micos producir\u00e1n la encuadernaci\u00f3n industrial en tela con planchas y cromolitograf\u00edas, como\u00a0<em>Mar\u00eda<\/em> (Barcelona, E. Domenech, 1882), de Jorge Isaacs.<\/p>\n\t\t\t\t<img decoding=\"async\" src=\"https:\/\/biblioteca.xativa.es\/wp-content\/uploads\/2022\/02\/il10.img_assist_custom-255x350-1.jpg\" alt=\"il10.img_assist_custom-255x350\" title=\"il10.img_assist_custom-255x350\" itemprop=\"image\"\/>\n\t<p>Entre los libros de tema valenciano publicados a lo largo del primer tercio del siglo XX hay que destacar la\u00a0<em>Geograf\u00eda general del Reino de Valencia<\/em>\u00a0(Barcelona, Alberto Mart\u00edn, ca. 1920), en la que particip\u00f3 Carlos Sarthou Carreres.<\/p>\n\t\t\t\t<img decoding=\"async\" src=\"https:\/\/biblioteca.xativa.es\/wp-content\/uploads\/2022\/02\/il11.img_assist_custom-242x350-1.jpg\" alt=\"il11.img_assist_custom-242x350\" title=\"il11.img_assist_custom-242x350\" itemprop=\"image\"\/>\n\t<p>Prometeo fue una de las pocas editoriales importantes existentes fuera de Madrid y Barcelona durante las primeras d\u00e9cadas del siglo XX. En ella public\u00f3 sus obras Blasco Ib\u00e1\u00f1ez, uno de los escritores m\u00e1s populares del momento.<\/p>\n\t\t\t\t<img decoding=\"async\" src=\"https:\/\/biblioteca.xativa.es\/wp-content\/uploads\/2022\/02\/il12.img_assist_custom-253x350-1.jpg\" alt=\"il12.img_assist_custom-253x350\" title=\"il12.img_assist_custom-253x350\" itemprop=\"image\"\/>\n\t<p>Entre las publicaciones de mayor difusi\u00f3n e inter\u00e9s a comienzos del siglo XX hay que se\u00f1alar los entra\u00f1ables libros escolares: lecciones de cosas, compendios, narraciones, manuscritos, lecturas, nociones, enciclopedias&#8230;<\/p>\n\n","protected":false},"excerpt":{"rendered":"<p>Una de las secciones de mayor inter\u00e9s de nuestra biblioteca es su Fondo Antiguo, constituido por 4000 obras impresas entre los siglos XVII y primer tercio del XX. La incorporaci\u00f3n a ella de otras bibliotecas existentes anteriormente (Biblioteca Popular de la Segunda Rep\u00fablica, Biblioteca del Ateneo Popular, Biblioteca M\u00e9dica del Antiguo Hospital Municipal, etc.) o [&hellip;]<\/p>\n","protected":false},"author":1,"featured_media":0,"parent":0,"menu_order":17,"comment_status":"closed","ping_status":"closed","template":"","meta":{"site-sidebar-layout":"default","site-content-layout":"","ast-site-content-layout":"default","site-content-style":"default","site-sidebar-style":"default","ast-global-header-display":"","ast-banner-title-visibility":"","ast-main-header-display":"","ast-hfb-above-header-display":"","ast-hfb-below-header-display":"","ast-hfb-mobile-header-display":"","site-post-title":"disabled","ast-breadcrumbs-content":"","ast-featured-img":"disabled","footer-sml-layout":"","ast-disable-related-posts":"","theme-transparent-header-meta":"","adv-header-id-meta":"","stick-header-meta":"","header-above-stick-meta":"","header-main-stick-meta":"","header-below-stick-meta":"","astra-migrate-meta-layouts":"default","ast-page-background-enabled":"default","ast-page-background-meta":{"desktop":{"background-color":"var(--ast-global-color-4)","background-image":"","background-repeat":"repeat","background-position":"center center","background-size":"auto","background-attachment":"scroll","background-type":"","background-media":"","overlay-type":"","overlay-color":"","overlay-opacity":"","overlay-gradient":""},"tablet":{"background-color":"","background-image":"","background-repeat":"repeat","background-position":"center center","background-size":"auto","background-attachment":"scroll","background-type":"","background-media":"","overlay-type":"","overlay-color":"","overlay-opacity":"","overlay-gradient":""},"mobile":{"background-color":"","background-image":"","background-repeat":"repeat","background-position":"center center","background-size":"auto","background-attachment":"scroll","background-type":"","background-media":"","overlay-type":"","overlay-color":"","overlay-opacity":"","overlay-gradient":""}},"ast-content-background-meta":{"desktop":{"background-color":"var(--ast-global-color-5)","background-image":"","background-repeat":"repeat","background-position":"center center","background-size":"auto","background-attachment":"scroll","background-type":"","background-media":"","overlay-type":"","overlay-color":"","overlay-opacity":"","overlay-gradient":""},"tablet":{"background-color":"var(--ast-global-color-5)","background-image":"","background-repeat":"repeat","background-position":"center center","background-size":"auto","background-attachment":"scroll","background-type":"","background-media":"","overlay-type":"","overlay-color":"","overlay-opacity":"","overlay-gradient":""},"mobile":{"background-color":"var(--ast-global-color-5)","background-image":"","background-repeat":"repeat","background-position":"center center","background-size":"auto","background-attachment":"scroll","background-type":"","background-media":"","overlay-type":"","overlay-color":"","overlay-opacity":"","overlay-gradient":""}},"footnotes":""},"class_list":["post-14432","page","type-page","status-publish","hentry"],"_links":{"self":[{"href":"https:\/\/biblioteca.xativa.es\/es\/wp-json\/wp\/v2\/pages\/14432"}],"collection":[{"href":"https:\/\/biblioteca.xativa.es\/es\/wp-json\/wp\/v2\/pages"}],"about":[{"href":"https:\/\/biblioteca.xativa.es\/es\/wp-json\/wp\/v2\/types\/page"}],"author":[{"embeddable":true,"href":"https:\/\/biblioteca.xativa.es\/es\/wp-json\/wp\/v2\/users\/1"}],"replies":[{"embeddable":true,"href":"https:\/\/biblioteca.xativa.es\/es\/wp-json\/wp\/v2\/comments?post=14432"}],"version-history":[{"count":0,"href":"https:\/\/biblioteca.xativa.es\/es\/wp-json\/wp\/v2\/pages\/14432\/revisions"}],"wp:attachment":[{"href":"https:\/\/biblioteca.xativa.es\/es\/wp-json\/wp\/v2\/media?parent=14432"}],"curies":[{"name":"wp","href":"https:\/\/api.w.org\/{rel}","templated":true}]}}